{"id":1049,"date":"2015-02-06T11:04:30","date_gmt":"2015-02-06T10:04:30","guid":{"rendered":"http:\/\/www.unimath.fr\/?page_id=1049"},"modified":"2020-09-04T18:12:40","modified_gmt":"2020-09-04T17:12:40","slug":"dm-guides-1s","status":"publish","type":"page","link":"http:\/\/www.unimath.fr\/?page_id=1049","title":{"rendered":"DM guid\u00e9s Premi\u00e8re"},"content":{"rendered":"<ol>\n<li><a title=\"DM guid\u00e9 1S \u2013 D\u00e9rivation n\u00b01\" href=\"http:\/\/www.unimath.fr\/?p=1034\" target=\"_blank\" rel=\"noopener noreferrer\">DM guid\u00e9 D\u00e9rivation n\u00b01<\/a><\/li>\n<li><a title=\"DM Guid\u00e9 D\u00e9rivation et variations \u2013 Math\u2019x 1S \u2013 n\u00b046 p 119\" href=\"http:\/\/www.unimath.fr\/?p=1074\" target=\"_blank\" rel=\"noopener noreferrer\">DM guid\u00e9 D\u00e9rivation et variation n\u00b046 p 118 (Math&rsquo;x 1S)<\/a><\/li>\n<li><a title=\"DM Guid\u00e9 D\u00e9riv\u00e9e et variations \u2013 Math\u2019x 1S \u2013 n\u00b049 p 119\" href=\"http:\/\/www.unimath.fr\/?p=1089\" target=\"_blank\" rel=\"noopener noreferrer\">DM Guid\u00e9 D\u00e9riv\u00e9e et variations \u00a0n\u00b049 p 119 (Math&rsquo;x 1S)<\/a><\/li>\n<\/ol>\n","protected":false},"excerpt":{"rendered":"<p>DM guid\u00e9 D\u00e9rivation n\u00b01 DM guid\u00e9 D\u00e9rivation et variation n\u00b046 p 118 (Math&rsquo;x 1S) DM Guid\u00e9 D\u00e9riv\u00e9e et variations \u00a0n\u00b049 p 119 (Math&rsquo;x 1S)<\/p>\n","protected":false},"author":1,"featured_media":0,"parent":0,"menu_order":0,"comment_status":"closed","ping_status":"closed","template":"","meta":[],"_links":{"self":[{"href":"http:\/\/www.unimath.fr\/index.php?rest_route=\/wp\/v2\/pages\/1049"}],"collection":[{"href":"http:\/\/www.unimath.fr\/index.php?rest_route=\/wp\/v2\/pages"}],"about":[{"href":"http:\/\/www.unimath.fr\/index.php?rest_route=\/wp\/v2\/types\/page"}],"author":[{"embeddable":true,"href":"http:\/\/www.unimath.fr\/index.php?rest_route=\/wp\/v2\/users\/1"}],"replies":[{"embeddable":true,"href":"http:\/\/www.unimath.fr\/index.php?rest_route=%2Fwp%2Fv2%2Fcomments&post=1049"}],"version-history":[{"count":4,"href":"http:\/\/www.unimath.fr\/index.php?rest_route=\/wp\/v2\/pages\/1049\/revisions"}],"predecessor-version":[{"id":4499,"href":"http:\/\/www.unimath.fr\/index.php?rest_route=\/wp\/v2\/pages\/1049\/revisions\/4499"}],"wp:attachment":[{"href":"http:\/\/www.unimath.fr\/index.php?rest_route=%2Fwp%2Fv2%2Fmedia&parent=1049"}],"curies":[{"name":"wp","href":"https:\/\/api.w.org\/{rel}","templated":true}]}}