{"id":12,"date":"2014-06-26T15:51:06","date_gmt":"2014-06-26T14:51:06","guid":{"rendered":"http:\/\/www.s431178539.onlinehome.fr\/wordpressnath\/?page_id=12"},"modified":"2022-10-03T18:05:04","modified_gmt":"2022-10-03T17:05:04","slug":"correction-ts","status":"publish","type":"page","link":"http:\/\/www.unimath.fr\/?page_id=12","title":{"rendered":"Correction Sp\u00e9 Terminale"},"content":{"rendered":"\n<table id=\"tablepress-8\" class=\"tablepress tablepress-id-8\">\n<tbody class=\"row-hover\">\n<tr class=\"row-1 odd\">\n\t<td class=\"column-1\">GROUPE  2 <\/td><td class=\"column-2\">GROUPE 3 <\/td>\n<\/tr>\n<tr class=\"row-2 even\">\n\t<td class=\"column-1\">DM1 Suites : <a href=\"http:\/\/www.s431178539.onlinehome.fr\/wordpressnath\/wp-content\/uploads\/2025\/09\/DM1-Terminale-150925-Somme.pdf\">sujet<\/a> ; <a href=\"http:\/\/www.s431178539.onlinehome.fr\/wordpressnath\/wp-content\/uploads\/2025\/09\/DM1C-Terminale-150925-Somme.pdf\">correction<\/a><\/td><td class=\"column-2\"><---<\/td>\n<\/tr>\n<tr class=\"row-3 odd\">\n\t<td class=\"column-1\">DM2 Suites et raisonnement par r\u00e9currence : <a href=\"http:\/\/www.s431178539.onlinehome.fr\/wordpressnath\/wp-content\/uploads\/2025\/09\/DM2-Terminale-Recurrence-190925.pdf\">sujet<\/a> ; <a href=\"http:\/\/www.s431178539.onlinehome.fr\/wordpressnath\/wp-content\/uploads\/2025\/09\/DM2C-Suites-Recurrence-1-1.pdf\">correction<\/a><\/td><td class=\"column-2\"><---<\/td>\n<\/tr>\n<tr class=\"row-4 even\">\n\t<td class=\"column-1\">DM3 Fonctions : <a href=\"http:\/\/www.s431178539.onlinehome.fr\/wordpressnath\/wp-content\/uploads\/2025\/10\/DM-Fonctions-301124.pdf\">sujet<\/a> ; <a href=\"http:\/\/www.s431178539.onlinehome.fr\/wordpressnath\/wp-content\/uploads\/2025\/10\/DM3C-Fonction.pdf\">correction<\/a><\/td><td class=\"column-2\"><---<\/td>\n<\/tr>\n<tr class=\"row-5 odd\">\n\t<td class=\"column-1\">DS1 : <a href=\"http:\/\/www.s431178539.onlinehome.fr\/wordpressnath\/wp-content\/uploads\/2025\/10\/DS091025-Suites-Fonctions.pdf\">sujet<\/a> ; <a href=\"http:\/\/www.s431178539.onlinehome.fr\/wordpressnath\/wp-content\/uploads\/2025\/10\/DS1C-T2-091025.pdf\">correction<\/a><\/td><td class=\"column-2\">DS1 : <a href=\"http:\/\/www.s431178539.onlinehome.fr\/wordpressnath\/wp-content\/uploads\/2025\/10\/DS061025-Suites-Fonctions.pdf\">sujet<\/a> ; <a href=\"http:\/\/www.s431178539.onlinehome.fr\/wordpressnath\/wp-content\/uploads\/2025\/10\/DSC061025-Suites-Fonctions.pdf\">correction<\/a><\/td>\n<\/tr>\n<tr class=\"row-6 even\">\n\t<td class=\"column-1\">DS2 Fonctions (D\u00e9riv\u00e9es, Primitives, Convexit\u00e9) : <a href=\"http:\/\/www.s431178539.onlinehome.fr\/wordpressnath\/wp-content\/uploads\/2025\/10\/DS-171025-V1.pdf\">sujet<\/a> ; <a href=\"http:\/\/www.s431178539.onlinehome.fr\/wordpressnath\/wp-content\/uploads\/2025\/10\/DSC-Terminale-171025-fonctions.pdf\">correction<\/a><\/td><td class=\"column-2\">DS2 Fonctions (D\u00e9riv\u00e9es, Primitives, Convexit\u00e9) : <a href=\"http:\/\/www.s431178539.onlinehome.fr\/wordpressnath\/wp-content\/uploads\/2025\/10\/DS-171025-V2-Fonctions-Terminale.pdf\">sujet<\/a> ; <a href=\"http:\/\/www.s431178539.onlinehome.fr\/wordpressnath\/wp-content\/uploads\/2025\/10\/DSC-171025-Terminale.pdf\">correction<\/a><\/td>\n<\/tr>\n<tr class=\"row-7 odd\">\n\t<td class=\"column-1\">Test D\u00e9riv\u00e9es et Primitives : <a href=\"http:\/\/www.s431178539.onlinehome.fr\/wordpressnath\/wp-content\/uploads\/2025\/11\/Test-Primitives-A-121125.pdf\">sujet<\/a> ; <a href=\"http:\/\/www.s431178539.onlinehome.fr\/wordpressnath\/wp-content\/uploads\/2025\/11\/TestC-121125-Terminale.pdf\">correction<\/a><\/td><td class=\"column-2\">Test D\u00e9riv\u00e9es et Primitives : <a href=\"http:\/\/www.s431178539.onlinehome.fr\/wordpressnath\/wp-content\/uploads\/2025\/11\/Test-Primitives-B-101125.pdf\">sujet<\/a> ; <a href=\"http:\/\/www.s431178539.onlinehome.fr\/wordpressnath\/wp-content\/uploads\/2025\/11\/TestC-101125-Terminale.pdf\">correction<\/a><\/td>\n<\/tr>\n<tr class=\"row-8 even\">\n\t<td class=\"column-1\">SOUTIEN : Tangentes <a href=\"http:\/\/www.s431178539.onlinehome.fr\/wordpressnath\/wp-content\/uploads\/2025\/11\/Methode-Tangente-Terminale-Soutien-051125.pdf\">Exercices<\/a> ; <a href=\"http:\/\/www.s431178539.onlinehome.fr\/wordpressnath\/wp-content\/uploads\/2025\/11\/Soutien-051125-C-.pdf\">correction<\/a><\/td><td class=\"column-2\"><---<\/td>\n<\/tr>\n<tr class=\"row-9 odd\">\n\t<td class=\"column-1\">SOUTIEN : Convexit\u00e9 : <a href=\"http:\/\/www.s431178539.onlinehome.fr\/wordpressnath\/wp-content\/uploads\/2025\/11\/Methode-Convexite-Terminale-Soutien-121125.pdf\">Exercices<\/a> ; <a href=\"http:\/\/www.s431178539.onlinehome.fr\/wordpressnath\/wp-content\/uploads\/2025\/11\/Soutien-121125C-convexite-.pdf\">correction<\/a><\/td><td class=\"column-2\"><---<\/td>\n<\/tr>\n<tr class=\"row-10 even\">\n\t<td class=\"column-1\">DM4 Probabilit\u00e9s conditionnelles : <a href=\"http:\/\/www.s431178539.onlinehome.fr\/wordpressnath\/wp-content\/uploads\/2025\/11\/DM-Proba-conditionnelle-121125.pdf\">Sujet<\/a> ; <a href=\"http:\/\/www.s431178539.onlinehome.fr\/wordpressnath\/wp-content\/uploads\/2025\/11\/DMC-Proba-101125.pdf\">correction<\/a><\/td><td class=\"column-2\"><---<\/td>\n<\/tr>\n<tr class=\"row-11 odd\">\n\t<td class=\"column-1\">DS3 Proba, Primive et D\u00e9riv\u00e9e : <a href=\"http:\/\/www.s431178539.onlinehome.fr\/wordpressnath\/wp-content\/uploads\/2025\/11\/DS-Proba-271125-Terminale.pdf\">sujet<\/a> ; <a href=\"http:\/\/www.s431178539.onlinehome.fr\/wordpressnath\/wp-content\/uploads\/2025\/11\/DSC271125.pdf\">correction<\/a><\/td><td class=\"column-2\">DS3 Proba, Primive et D\u00e9riv\u00e9e : <a href=\"http:\/\/www.s431178539.onlinehome.fr\/wordpressnath\/wp-content\/uploads\/2025\/11\/DS-261125-Proba.pdf\">sujet<\/a> ; <a href=\"http:\/\/www.s431178539.onlinehome.fr\/wordpressnath\/wp-content\/uploads\/2025\/11\/DSC-261125.pdf\">correction<\/a><\/td>\n<\/tr>\n<tr class=\"row-12 even\">\n\t<td class=\"column-1\">DS4 Equations diff\u00e9rentielles et convexit\u00e9 : <a href=\"http:\/\/www.s431178539.onlinehome.fr\/wordpressnath\/wp-content\/uploads\/2025\/12\/DS171225-Terminale-2.pdf\">sujet<\/a> ; <a href=\"http:\/\/www.s431178539.onlinehome.fr\/wordpressnath\/wp-content\/uploads\/2025\/12\/DSC151225.pdf\">correction<\/a><\/td><td class=\"column-2\">DS4 Equations diff\u00e9rentielles et convexit\u00e9 : <a href=\"http:\/\/www.s431178539.onlinehome.fr\/wordpressnath\/wp-content\/uploads\/2025\/12\/DS-151225-Equation-differentielle.pdf\">sujet<\/a> ; <a href=\"http:\/\/www.s431178539.onlinehome.fr\/wordpressnath\/wp-content\/uploads\/2025\/12\/DSC-171225.pdf\">correction<\/a><\/td>\n<\/tr>\n<tr class=\"row-13 odd\">\n\t<td class=\"column-1\"><\/td><td class=\"column-2\">DS5 Equations diff\u00e9rentielles Sujet Bis : <a hre5f=\"http:\/\/www.s431178539.onlinehome.fr\/wordpressnath\/wp-content\/uploads\/2026\/01\/DS-15125-Bis.pdf\">sujet<\/a> ; <a href=\"http:\/\/www.s431178539.onlinehome.fr\/wordpressnath\/wp-content\/uploads\/2026\/01\/DSC151225-Bis.pdf\">correction<\/a><\/td>\n<\/tr>\n<tr class=\"row-14 even\">\n\t<td class=\"column-1\">DM5 Fonctions : <a href=\"http:\/\/www.s431178539.onlinehome.fr\/wordpressnath\/wp-content\/uploads\/2026\/01\/Ex-fonctions-110126-Terminale.pdf\">sujet<\/a> ; <a href=\"http:\/\/www.s431178539.onlinehome.fr\/wordpressnath\/wp-content\/uploads\/2026\/01\/DMC-110126.pdf\">correction<\/a><\/td><td class=\"column-2\"><---<\/td>\n<\/tr>\n<tr class=\"row-15 odd\">\n\t<td class=\"column-1\">DS5 Suites et Droites dans l'espace : <a href=\"http:\/\/www.s431178539.onlinehome.fr\/wordpressnath\/wp-content\/uploads\/2026\/02\/DST3-300126.pdf\">sujet<\/a> ; <a href=\"http:\/\/www.s431178539.onlinehome.fr\/wordpressnath\/wp-content\/uploads\/2026\/02\/DST2C-300126.pdf\">correction<\/a><\/td><td class=\"column-2\">DS5 Suites et Droites dans l'espace : <a href=\"http:\/\/www.s431178539.onlinehome.fr\/wordpressnath\/wp-content\/uploads\/2026\/02\/DST2-300126.pdf\">sujet<\/a> ; <a href=\"http:\/\/www.s431178539.onlinehome.fr\/wordpressnath\/wp-content\/uploads\/2026\/02\/DSC-300126-V2.pdf\">correction<\/a><\/td>\n<\/tr>\n<tr class=\"row-16 even\">\n\t<td class=\"column-1\">DM6 Fonctions : <a href=\"http:\/\/www.s431178539.onlinehome.fr\/wordpressnath\/wp-content\/uploads\/2026\/02\/Ex-fonctions-130126-Terminale.pdf\">sujet<\/a> ; <a href=\"http:\/\/www.s431178539.onlinehome.fr\/wordpressnath\/wp-content\/uploads\/2026\/02\/DMC-130126.pdf\">correction<\/a><\/td><td class=\"column-2\"><---<\/td>\n<\/tr>\n<tr class=\"row-17 odd\">\n\t<td class=\"column-1\">DM7 Calculs : <a href=\"http:\/\/www.s431178539.onlinehome.fr\/wordpressnath\/wp-content\/uploads\/2026\/02\/DM-Calculs-methodes-050226.pdf\">sujet<\/a> ; <a href=\"http:\/\/www.s431178539.onlinehome.fr\/wordpressnath\/wp-content\/uploads\/2026\/02\/DMC-Calculs-methodes-050226.pdf\">correction<\/a><\/td><td class=\"column-2\"><---<\/td>\n<\/tr>\n<tr class=\"row-18 even\">\n\t<td class=\"column-1\">DS6 Fonctions + TVI : <a href=\"http:\/\/www.s431178539.onlinehome.fr\/wordpressnath\/wp-content\/uploads\/2026\/02\/DS-TVI-180226.pdf\">sujet<\/a> : <a href=\"http:\/\/www.s431178539.onlinehome.fr\/wordpressnath\/wp-content\/uploads\/2026\/02\/DSC-180226-Terminale.pdf\">correction<\/a><\/td><td class=\"column-2\">DS6 Fonctions + TVI : <a href=\"http:\/\/www.s431178539.onlinehome.fr\/wordpressnath\/wp-content\/uploads\/2026\/02\/DS-160226-Terminale-TVI.pdf\">Sujet<\/a> ; <a href=\"http:\/\/www.s431178539.onlinehome.fr\/wordpressnath\/wp-content\/uploads\/2026\/02\/DSC-160226-Terminale.pdf\">correction<\/a><\/td>\n<\/tr>\n<tr class=\"row-19 odd\">\n\t<td class=\"column-1\"><b>Un des exercices a \u00e9t\u00e9 retir\u00e9 des sujets car n'a pas \u00e9t\u00e9 trait\u00e9 en classe et n'est pas au programme du prochain Bac Blanc.<\/b><br \/>\nR\u00e9vision Bac Blanc (2025) Sujet 1 : <a href=\"http:\/\/www.s431178539.onlinehome.fr\/wordpressnath\/wp-content\/uploads\/2026\/02\/BB-2025-Sujet-1-V2026.pdf\">Sujet<\/a> ; <a href=\"http:\/\/www.s431178539.onlinehome.fr\/wordpressnath\/wp-content\/uploads\/2026\/02\/BB-2025-C-Sujet-1.pdf\">correction<\/a><br \/>\nR\u00e9vision Bac Blanc (2025) Sujet 2 : <a href=\"http:\/\/www.s431178539.onlinehome.fr\/wordpressnath\/wp-content\/uploads\/2026\/03\/BB-2025-Sujet-2-V2026.pdf\">sujet<\/a> ; <a href=\"http:\/\/www.s431178539.onlinehome.fr\/wordpressnath\/wp-content\/uploads\/2026\/02\/BB-2025-Sujet-2-Correction.pdf\">correction<\/a><\/td><td class=\"column-2\"><--- Bac Blanc r\u00e9vision<\/td>\n<\/tr>\n<tr class=\"row-20 even\">\n\t<td class=\"column-1\">Bac Blanc 2026 : <br \/>\n<a href=\"http:\/\/www.s431178539.onlinehome.fr\/wordpressnath\/wp-content\/uploads\/2026\/04\/BB-2026-Sujet-1.pdf\">Sujet 1<\/a> ; <a href=\"http:\/\/www.s431178539.onlinehome.fr\/wordpressnath\/wp-content\/uploads\/2026\/04\/BB-2026-Sujet-1-C.pdf\">Correction Sujet 1 <\/a><a href=\"http:\/\/www.s431178539.onlinehome.fr\/wordpressnath\/wp-content\/uploads\/2026\/04\/BB-2026-sujet-2.pdf\"><br \/>\nSujet 2<\/a> ; <a href=\"http:\/\/www.s431178539.onlinehome.fr\/wordpressnath\/wp-content\/uploads\/2026\/04\/BB-2026-Sujet-2-C.pdf\">Correction Sujet 2<\/a><\/td><td class=\"column-2\"><--- Bac Blanc Sujets et Corrections<\/td>\n<\/tr>\n<tr class=\"row-21 odd\">\n\t<td class=\"column-1\">G\u00e9om\u00e9trie Espace : <a href=\"http:\/\/www.s431178539.onlinehome.fr\/wordpressnath\/wp-content\/uploads\/2026\/04\/Produit-scalaire-Espace-Exercices-240325.pdf\">Exercices<\/a> ; <a href=\"http:\/\/www.s431178539.onlinehome.fr\/wordpressnath\/wp-content\/uploads\/2026\/04\/Geometrie-espace-correction-240325.pdf\">Correction<\/a><\/td><td class=\"column-2\"><-- Exercices G\u00e9om\u00e9trie dans l'espace.<\/td>\n<\/tr>\n<tr class=\"row-22 even\">\n\t<td class=\"column-1\">DS Fonction ln et Espace : <a href=\"http:\/\/www.s431178539.onlinehome.fr\/wordpressnath\/wp-content\/uploads\/2026\/04\/DS-Espace-Ln-170426-Sujet2.pdf\">sujet<\/a> ; <a href=\"http:\/\/www.s431178539.onlinehome.fr\/wordpressnath\/wp-content\/uploads\/2026\/04\/DSC-170426-Sujet2.pdf\">correction<\/a><\/td><td class=\"column-2\">DS Fonction ln et Espace : <a href=\"http:\/\/www.s431178539.onlinehome.fr\/wordpressnath\/wp-content\/uploads\/2026\/04\/DS-Espace-Ln-170426-Sujet1.pdf\">sujet<\/a> ; <a href=\"http:\/\/www.s431178539.onlinehome.fr\/wordpressnath\/wp-content\/uploads\/2026\/04\/DSC-170426-Sujet1.pdf\">correction<\/a><\/td>\n<\/tr>\n<tr class=\"row-23 odd\">\n\t<td class=\"column-1\"><\/td><td class=\"column-2\"><\/td>\n<\/tr>\n<tr class=\"row-24 even\">\n\t<td class=\"column-1\"><\/td><td class=\"column-2\"><\/td>\n<\/tr>\n<\/tbody>\n<\/table>\n<!-- #tablepress-8 from cache -->\n","protected":false},"excerpt":{"rendered":"","protected":false},"author":1,"featured_media":0,"parent":0,"menu_order":0,"comment_status":"closed","ping_status":"open","template":"","meta":[],"_links":{"self":[{"href":"http:\/\/www.unimath.fr\/index.php?rest_route=\/wp\/v2\/pages\/12"}],"collection":[{"href":"http:\/\/www.unimath.fr\/index.php?rest_route=\/wp\/v2\/pages"}],"about":[{"href":"http:\/\/www.unimath.fr\/index.php?rest_route=\/wp\/v2\/types\/page"}],"author":[{"embeddable":true,"href":"http:\/\/www.unimath.fr\/index.php?rest_route=\/wp\/v2\/users\/1"}],"replies":[{"embeddable":true,"href":"http:\/\/www.unimath.fr\/index.php?rest_route=%2Fwp%2Fv2%2Fcomments&post=12"}],"version-history":[{"count":38,"href":"http:\/\/www.unimath.fr\/index.php?rest_route=\/wp\/v2\/pages\/12\/revisions"}],"predecessor-version":[{"id":4980,"href":"http:\/\/www.unimath.fr\/index.php?rest_route=\/wp\/v2\/pages\/12\/revisions\/4980"}],"wp:attachment":[{"href":"http:\/\/www.unimath.fr\/index.php?rest_route=%2Fwp%2Fv2%2Fmedia&parent=12"}],"curies":[{"name":"wp","href":"https:\/\/api.w.org\/{rel}","templated":true}]}}