{"id":14,"date":"2014-06-26T15:51:18","date_gmt":"2014-06-26T14:51:18","guid":{"rendered":"http:\/\/www.s431178539.onlinehome.fr\/wordpressnath\/?page_id=14"},"modified":"2025-09-24T20:22:01","modified_gmt":"2025-09-24T19:22:01","slug":"entrainement-1s","status":"publish","type":"page","link":"http:\/\/www.unimath.fr\/?page_id=14","title":{"rendered":"Entrainement Premi\u00e8re"},"content":{"rendered":"<p><strong>Je vous invite \u00e0 d\u00e9couvrir l&rsquo;application<\/strong> <a href=\"http:\/\/www.unimath.fr\/?page_id=2635\" target=\"_blank\" rel=\"noopener noreferrer\"><span style=\"color: #d62647;\">revismath.fr<\/span><\/a>, destin\u00e9e \u00e0 tous les lyc\u00e9ens et qui vous permettra d&rsquo;acqu\u00e9rir un bon niveau en calcul num\u00e9rique et alg\u00e9brique.<\/p>\n<p><strong><span style=\"color: #d62647;\">Calculs num\u00e9rique et alg\u00e9brique<\/span><\/strong><\/p>\n<ol>\n<li>G\u00e9n\u00e9ralit\u00e9s :\u00a0<a title=\"R\u00e8gles de divisibilit\u00e9\" href=\"http:\/\/www.s431178539.onlinehome.fr\/wordpressnath\/?p=597\" target=\"_blank\" rel=\"noopener noreferrer\">R\u00e8gles de divisibilit\u00e9<\/a>\u00a0;\u00a0<a title=\"Reconna\u00eetre une somme ou un produit\" href=\"http:\/\/www.s431178539.onlinehome.fr\/wordpressnath\/?p=543\" target=\"_blank\" rel=\"noopener noreferrer\">Reconna\u00eetre une somme ou un produit<\/a>\u00a0;\u00a0<a title=\"Substituer une valeur \u00e0 x\" href=\"http:\/\/www.s431178539.onlinehome.fr\/wordpressnath\/?p=608\" target=\"_blank\" rel=\"noopener noreferrer\">Substituer une valeur \u00e0 x<\/a>\u00a0;\u00a0<a title=\"Choix de la forme la plus adapt\u00e9e\" href=\"http:\/\/www.s431178539.onlinehome.fr\/wordpressnath\/?p=635\" target=\"_blank\" rel=\"noopener noreferrer\">Choix de la forme la plus adapt\u00e9e<\/a><\/li>\n<li>Fractions :\u00a0\u00a0<a title=\"Fractions \u2013 R\u00e9vision Niveau 2\" href=\"http:\/\/www.s431178539.onlinehome.fr\/wordpressnath\/?p=558\" target=\"_blank\" rel=\"noopener noreferrer\">Manipulation de fractions<\/a>\u00a0\u00a0;\u00a0<a title=\"Simplifier une \u00e9criture fractionnaire\" href=\"http:\/\/www.s431178539.onlinehome.fr\/wordpressnath\/?p=547\" target=\"_blank\" rel=\"noopener noreferrer\">Simplification d&rsquo;\u00e9critures fractionnaires<\/a><\/li>\n<li>Puissances \u00a0: <a title=\"Puissances \u2013 Bonne manipulation\" href=\"http:\/\/www.s431178539.onlinehome.fr\/wordpressnath\/?p=537\" target=\"_blank\" rel=\"noopener noreferrer\">Exercice 1<\/a>\u00a0;\u00a0\u00a0<a title=\"Puissances \u2013 R\u00e9vision\" href=\"http:\/\/www.s431178539.onlinehome.fr\/wordpressnath\/?p=90\" target=\"_blank\" rel=\"noopener noreferrer\">Exercice 2<\/a><\/li>\n<li>Racines carr\u00e9es :\u00a0<a title=\"Tableau fractions \u2013 carr\u00e9 et racine carr\u00e9e\" href=\"http:\/\/www.s431178539.onlinehome.fr\/wordpressnath\/?p=314\" target=\"_blank\" rel=\"noopener noreferrer\">Racines carr\u00e9es et fractions\u00a0<\/a>\u00a0 ;\u00a0<a title=\"Racine carr\u00e9e et carr\u00e9 \u2013 R\u00e9visions\" href=\"http:\/\/www.s431178539.onlinehome.fr\/wordpressnath\/?p=564\" target=\"_blank\" rel=\"noopener noreferrer\">Carr\u00e9s et racines carr\u00e9es<\/a><\/li>\n<li>Factorisation\u00a0par facteur commun :<a href=\"http:\/\/www.s431178539.onlinehome.fr\/wordpressnath\/wp-content\/uploads\/2014\/12\/Factorisation-AP-seconde.pdf\">Fiche d&rsquo;exercices<\/a>\u00a0;\u00a0<a href=\"http:\/\/www.s431178539.onlinehome.fr\/wordpressnath\/wp-content\/uploads\/2014\/12\/C-Factorisation-AP-seconde.pdf\">Correction<\/a><\/li>\n<li>R\u00e9visions de Calculs : Sujets de DS :\u00a0<a href=\"http:\/\/www.s431178539.onlinehome.fr\/wordpressnath\/wp-content\/uploads\/2014\/07\/Calculs-sujets1.pdf\">Sujet\u00a01<\/a>\u00a0;\u00a0<a href=\"http:\/\/www.s431178539.onlinehome.fr\/wordpressnath\/wp-content\/uploads\/2015\/07\/Correction-Fiche1-150413-V2.pdf\">Correction 1<\/a>\u00a0;\u00a0<a href=\"http:\/\/www.s431178539.onlinehome.fr\/wordpressnath\/wp-content\/uploads\/2014\/09\/Calculs-Fiche2-Sujet-180413.pdf\">Sujet\u00a02<\/a>\u00a0;\u00a0<a href=\"http:\/\/www.s431178539.onlinehome.fr\/wordpressnath\/wp-content\/uploads\/2015\/06\/Calculs-Fiche2-Correction-180413.pdf\">Correction 2<\/a><\/li>\n<\/ol>\n<p><strong><span style=\"color: #d62647;\">Coefficient directeur d&rsquo;une droite et \u00e9quation r\u00e9duite<\/span><\/strong><\/p>\n<ol>\n<li>Tracer des droites connaissant le coefficient directeur \u00a0: <a href=\"https:\/\/www.geogebra.org\/m\/ZL6CQBv9\">Exercice 1<\/a><\/li>\n<li>Lire une \u00e9quation de droite :\u00a0<a href=\"http:\/\/www.unimath.fr\/?p=2093\" target=\"_blank\" rel=\"noopener noreferrer\">Exercice 1<\/a> , <a title=\"Lire une \u00e9quation de droite\" href=\"http:\/\/www.s431178539.onlinehome.fr\/wordpressnath\/?p=611\" target=\"_blank\" rel=\"noopener noreferrer\">Exercice 2<\/a><\/li>\n<\/ol>\n<p><strong><span style=\"color: #d62647;\">Equations et in\u00e9quations &#8211; Second degr\u00e9<\/span><\/strong><\/p>\n<ol>\n<li>M\u00e9thodes pour r\u00e9soudre une \u00e9quation (niveau seconde) :\u00a0<a href=\"http:\/\/www.s431178539.onlinehome.fr\/wordpressnath\/wp-content\/uploads\/2014\/09\/Methodes-Equations-sujet.pdf\">Fiche d&rsquo;exercices 1<\/a>\u00a0,\u00a0<a href=\"http:\/\/www.s431178539.onlinehome.fr\/wordpressnath\/wp-content\/uploads\/2014\/09\/Methodes-Equations-correction.pdf\">Correction<\/a><\/li>\n<li>\u00c9quations et in\u00e9quations \u00a0:\u00a0<a href=\"http:\/\/www.s431178539.onlinehome.fr\/wordpressnath\/wp-content\/uploads\/2014\/11\/RevisionCalculs-1S-TS-2013.pdf\">Fiche d&rsquo;exercices 2<\/a>\u00a0;\u00a0<a href=\"http:\/\/www.s431178539.onlinehome.fr\/wordpressnath\/wp-content\/uploads\/2016\/11\/Equations-inequations-second-degre-correction-unimath.pdf\">correction<\/a><\/li>\n<li>Reconna\u00eetre une parabole \u00e0 partir de la forme canonique :\u00a0<a title=\"Reconnaitre parabole\" href=\"http:\/\/www.s431178539.onlinehome.fr\/wordpressnath\/?p=405\" target=\"_blank\" rel=\"noopener noreferrer\">Exercice 1<\/a>\u00a0,\u00a0<a title=\"Reconna\u00eetre parabole 2\" href=\"http:\/\/www.s431178539.onlinehome.fr\/wordpressnath\/?p=407\" target=\"_blank\" rel=\"noopener noreferrer\">Exercice 2<\/a><\/li>\n<\/ol>\n<p><strong><span style=\"color: #d62647;\">Fonctions racine carr\u00e9e et valeur absolue<\/span><\/strong><\/p>\n<ol>\n<li>Exercices avec racines carr\u00e9es :\u00a0<a href=\"http:\/\/www.s431178539.onlinehome.fr\/wordpressnath\/wp-content\/uploads\/2017\/02\/Racines-carrees-unimath-exercices-1.pdf\">sujet<\/a>\u00a0;\u00a0<a href=\"http:\/\/www.s431178539.onlinehome.fr\/wordpressnath\/wp-content\/uploads\/2017\/02\/Racines-carrees-unimath-correction-1.pdf\">correction<\/a><\/li>\n<li>Exercices avec valeur absolue :\u00a0<a href=\"http:\/\/www.s431178539.onlinehome.fr\/wordpressnath\/wp-content\/uploads\/2017\/02\/Exercices-Valeur-absolue-unimath-sujet.pdf\">sujet<\/a>\u00a0;\u00a0<a href=\"http:\/\/www.s431178539.onlinehome.fr\/wordpressnath\/wp-content\/uploads\/2017\/02\/Exercices-Valeur-absolue-unimath-correction.pdf\">correction<\/a><\/li>\n<\/ol>\n<p><strong><span style=\"color: #d62647;\">Second degr\u00e9<br \/>\n<\/span><\/strong><\/p>\n<ol>\n<li>Reconna\u00eetre une parabole \u00e0 partir de la forme canonique : <a href=\"http:\/\/www.unimath.fr\/?p=2097\" target=\"_blank\" rel=\"noopener noreferrer\">Exercice 1<\/a><\/li>\n<\/ol>\n<p><strong><span style=\"color: #d62647;\">D\u00e9riv\u00e9es<\/span><\/strong><\/p>\n<ol>\n<li>Calcul de d\u00e9riv\u00e9e\u00a0:\u00a0<a href=\"http:\/\/www.s431178539.onlinehome.fr\/wordpressnath\/wp-content\/uploads\/2014\/12\/RevisionDerivee-1S-2013.pdf\">Fiche d&rsquo;exercices 1<\/a>\u00a0avec solutions<\/li>\n<li>Etude des variations d&rsquo;une fonction \u00e0 partir de la d\u00e9riv\u00e9e :\u00a0<a href=\"http:\/\/www.s431178539.onlinehome.fr\/wordpressnath\/wp-content\/uploads\/2015\/09\/Derivee-Variation-1S.pdf\">Fiche d&rsquo;exercices 2<\/a>\u00a0avec solutions<\/li>\n<li>Equation d&rsquo;une tangente \u00e0 la\u00a0courbe de f :\u00a0<a href=\"http:\/\/www.s431178539.onlinehome.fr\/wordpressnath\/wp-content\/uploads\/2016\/12\/Exercices-tangentes-Unimath.pdf\">Fiche d&rsquo;exercices 3<\/a>\u00a0;\u00a0<a href=\"http:\/\/www.s431178539.onlinehome.fr\/wordpressnath\/wp-content\/uploads\/2016\/12\/Exercices-tangentes-correction.pdf\">correction<\/a><\/li>\n<li>Reconna\u00eetre la courbe de la d\u00e9riv\u00e9e de f : <a title=\"D\u00e9riv\u00e9e \u2013 Lecture graphique\" href=\"http:\/\/www.unimath.fr\/?p=1411\" target=\"_blank\" rel=\"noopener noreferrer\">Exercice 1<\/a><\/li>\n<\/ol>\n<p><strong><span style=\"color: #d62647;\">Suites<\/span><\/strong><\/p>\n<ol>\n<li>Calcul de termes :\u00a0<a title=\"Suites \u2013 Calcul de termes\" href=\"http:\/\/www.s431178539.onlinehome.fr\/wordpressnath\/?p=592\" target=\"_blank\" rel=\"noopener noreferrer\">Exercice<\/a><\/li>\n<li>Nombres de termes dans une somme :\u00a0<a title=\"Nombre de termes dans une somme\" href=\"http:\/\/www.s431178539.onlinehome.fr\/wordpressnath\/?p=503\" target=\"_blank\" rel=\"noopener noreferrer\">Exercice<\/a><\/li>\n<li>Reconna\u00eetre une suite arithm\u00e9tique ou g\u00e9om\u00e9trique :\u00a0<a title=\"Reconna\u00eetre une suite arithm\u00e9tique ou g\u00e9om\u00e9trique\" href=\"http:\/\/www.s431178539.onlinehome.fr\/wordpressnath\/?p=533\" target=\"_blank\" rel=\"noopener noreferrer\">Exercice<\/a><\/li>\n<li>Somme de termes pour suite arithm\u00e9tique ou g\u00e9om\u00e9trique :\u00a0<a title=\"Suite arithm\u00e9tique ou g\u00e9om\u00e9trique. Somme de termes cons\u00e9cutifs\" href=\"http:\/\/www.s431178539.onlinehome.fr\/wordpressnath\/?p=516\" target=\"_blank\" rel=\"noopener noreferrer\">Exercice<\/a><\/li>\n<li>M\u00e9thodes g\u00e9n\u00e9rales :\u00a0<a title=\"Suites \u2013 M\u00e9thodes\" href=\"http:\/\/www.s431178539.onlinehome.fr\/wordpressnath\/?p=506\" target=\"_blank\" rel=\"noopener noreferrer\">Exercice<\/a><\/li>\n<li>Montrer qu&rsquo;une suite est g\u00e9om\u00e9trique\u00a0:\u00a0<a href=\"http:\/\/www.s431178539.onlinehome.fr\/wordpressnath\/wp-content\/uploads\/2014\/12\/montrer-suite-geometrique.pdf\">Fiche d&rsquo;exercices 1<\/a>\u00a0avec solutions<\/li>\n<li>Montrer qu&rsquo;une suite est arithm\u00e9tique : <a href=\"http:\/\/www.s431178539.onlinehome.fr\/wordpressnath\/wp-content\/uploads\/2015\/05\/Montrer-suite-arithmetique.pdf\">Fiche d&rsquo;exercices 2<\/a>\u00a0avec solutions<\/li>\n<li>Montrer qu&rsquo;une suite est constante\u00a0:\u00a0<a href=\"http:\/\/www.s431178539.onlinehome.fr\/wordpressnath\/wp-content\/uploads\/2014\/12\/montrer-suite-constante.pdf\">Fiche d&rsquo;exercices 3<\/a>\u00a0avec solutions<\/li>\n<\/ol>\n<p><strong><span style=\"color: #d62647;\">G\u00e9om\u00e9trie dans le plan<\/span><\/strong><\/p>\n<ol>\n<li>Parall\u00e9logrammes : <a title=\"Parall\u00e9logramme\" href=\"http:\/\/www.unimath.fr\/?p=1404\" target=\"_blank\" rel=\"noopener noreferrer\">Exercice 1<\/a><\/li>\n<li>Droites particuli\u00e8res dans le triangle : <a title=\"Droites particuli\u00e8res dans le triangle\" href=\"http:\/\/www.unimath.fr\/?p=1406\" target=\"_blank\" rel=\"noopener noreferrer\">Exercice 2<\/a><\/li>\n<\/ol>\n<p><strong><span style=\"color: #d62647;\">G\u00e9om\u00e9trie dans l&rsquo;espace<\/span><\/strong><\/p>\n<ol>\n<li>Nature d&rsquo;un triangle dans un cube :\u00a0<a title=\"Exercice \u2013 G\u00e9om\u00e9trie Espace \u2013 Triangles dans un cube\" href=\"http:\/\/www.unimath.fr\/?p=1223\" target=\"_blank\" rel=\"noopener noreferrer\">Exercice 1<\/a><\/li>\n<li>Positions relatives de droites et de plans :\u00a0<a title=\"Exercice \u2013 G\u00e9om\u00e9trie Espace \u2013 Position relative de droites et de plans\" href=\"http:\/\/www.unimath.fr\/?p=1224\" target=\"_blank\" rel=\"noopener noreferrer\">Exercice 2<\/a><\/li>\n<li>Volume d&rsquo;une pyramide\u00a0:\u00a0<a title=\"Exercice G\u00e9om\u00e9trie Espace Pyramide\" href=\"http:\/\/www.unimath.fr\/?p=1221\" target=\"_blank\" rel=\"noopener noreferrer\">Exercice 3<\/a><\/li>\n<li>Positions relatives de droites et de plans dans un prisme\u00a0:\u00a0<a title=\"Exercice G\u00e9om\u00e9trie Espace Seconde\" href=\"http:\/\/www.unimath.fr\/?p=1189\" target=\"_blank\" rel=\"noopener noreferrer\">Exercice 4<\/a><\/li>\n<li>Propri\u00e9t\u00e9 du parall\u00e9lisme :\u00a0<a title=\"Parall\u00e9lisme dans l\u2019espace\" href=\"http:\/\/www.unimath.fr\/?p=1307\" target=\"_blank\" rel=\"noopener noreferrer\">Exercice 5<\/a><\/li>\n<\/ol>\n<p><strong><span style=\"color: #d62647;\">Vecteurs<\/span><\/strong><\/p>\n<ol>\n<li>Multiplication d&rsquo;un vecteur par un r\u00e9el : construction : <a href=\"https:\/\/www.geogebra.org\/m\/gmFpH3OF\">Exercice 1<\/a> ; <a href=\"https:\/\/www.geogebra.org\/m\/X8FPp0Er\">Exercice 2<\/a><\/li>\n<li>Addition de vecteurs : <a href=\"https:\/\/www.geogebra.org\/m\/JaDBSZ2o\">Exercice 3<\/a><\/li>\n<li>Coordonn\u00e9es de vecteurs : construction : <a href=\"https:\/\/www.geogebra.org\/m\/Ii77YXIN\">Exercice 4<\/a><\/li>\n<li>Calcul de produit scalaire par la m\u00e9thode des projet\u00e9s orthogonaux : <a title=\"Produit scalaire de deux vecteurs du plan (m\u00e9thode des projet\u00e9s orthogonaux)\" href=\"http:\/\/www.unimath.fr\/?p=1401\" target=\"_blank\" rel=\"noopener noreferrer\">Exercice 5<\/a><\/li>\n<\/ol>\n<p><strong><span style=\"color: #d62647;\">Trigonom\u00e9trie<\/span><\/strong><\/p>\n<ol>\n<li>Placer des points sur le cercle trigonom\u00e9trique : <a href=\"https:\/\/www.geogebra.org\/m\/ToWsXU0m\">Exercice 1<\/a> ; <a href=\"https:\/\/www.geogebra.org\/m\/vnnCNPsk\">Exercice 2<\/a> ; <a href=\"https:\/\/www.geogebra.org\/m\/BWtM5VU0\">Exercice 3<\/a><\/li>\n<li>R\u00e9soudre une in\u00e9quation trigonom\u00e9trique : <a href=\"https:\/\/www.geogebra.org\/m\/AP0NX1Lq\">Exemples<\/a><\/li>\n<li>R\u00e9soudre des \u00e9quations et in\u00e9quations trigonom\u00e9triques :\u00a0<a href=\"http:\/\/www.s431178539.onlinehome.fr\/wordpressnath\/wp-content\/uploads\/2015\/02\/Revision-Trigonometrie-wordpress-sujet-correction.pdf\">Fiche d&rsquo;exercices 1<\/a><\/li>\n<li>Reconna\u00eetre un angle connaissant le sinus et cosinus : <a title=\"Reconna\u00eetre un angle, connaissant le sinus et cosinus\" href=\"http:\/\/www.unimath.fr\/?p=1172\" target=\"_blank\" rel=\"noopener noreferrer\">Exercice 4<\/a>\u00a0, <a title=\"Reconna\u00eetre un angle \u00e0 partir du cosinus et sinus Ex 2\" href=\"http:\/\/www.unimath.fr\/?p=1311\" target=\"_blank\" rel=\"noopener noreferrer\">Exercice 5 <\/a>, <a title=\"Reconna\u00eetre un angle \u00e0 partir du cosinus et sinus Ex 3\" href=\"http:\/\/www.unimath.fr\/?p=1313\" target=\"_blank\" rel=\"noopener noreferrer\">Exercice 6<\/a><\/li>\n<li>Angles orient\u00e9s de vecteurs, ensembles de points :\u00a0<a title=\"Angles de vecteurs \u2013 Ensemble de points\" href=\"http:\/\/www.unimath.fr\/?p=1344\" target=\"_blank\" rel=\"noopener noreferrer\">Exercice 1<\/a><\/li>\n<\/ol>\n<p><strong><span style=\"color: #d62647;\">Trigonom\u00e9trie<\/span><\/strong><\/p>\n<ol>\n<li>Placer des points sur le cercle trigonom\u00e9trique : <a href=\"https:\/\/www.geogebra.org\/m\/ToWsXU0m\">Exercice 1<\/a> ; <a href=\"https:\/\/www.geogebra.org\/m\/vnnCNPsk\">Exercice 2<\/a> ; <a href=\"https:\/\/www.geogebra.org\/m\/BWtM5VU0\">Exercice 3<\/a><\/li>\n<li>R\u00e9soudre une in\u00e9quation trigonom\u00e9trique : <a href=\"https:\/\/www.geogebra.org\/m\/AP0NX1Lq\">Exemples<\/a><\/li>\n<li>R\u00e9soudre des \u00e9quations et in\u00e9quations trigonom\u00e9triques :\u00a0<a href=\"http:\/\/www.s431178539.onlinehome.fr\/wordpressnath\/wp-content\/uploads\/2015\/02\/Revision-Trigonometrie-wordpress-sujet-correction.pdf\">Fiche d&rsquo;exercices 1<\/a><\/li>\n<li>Reconna\u00eetre un angle connaissant le sinus et cosinus : <a title=\"Reconna\u00eetre un angle, connaissant le sinus et cosinus\" href=\"http:\/\/www.unimath.fr\/?p=1172\" target=\"_blank\" rel=\"noopener noreferrer\">Exercice 4<\/a>\u00a0, <a title=\"Reconna\u00eetre un angle \u00e0 partir du cosinus et sinus Ex 2\" href=\"http:\/\/www.unimath.fr\/?p=1311\" target=\"_blank\" rel=\"noopener noreferrer\">Exercice 5 <\/a>, <a title=\"Reconna\u00eetre un angle \u00e0 partir du cosinus et sinus Ex 3\" href=\"http:\/\/www.unimath.fr\/?p=1313\" target=\"_blank\" rel=\"noopener noreferrer\">Exercice 6<\/a><\/li>\n<\/ol>\n","protected":false},"excerpt":{"rendered":"<p>Je vous invite \u00e0 d\u00e9couvrir l&rsquo;application revismath.fr, destin\u00e9e \u00e0 tous les lyc\u00e9ens et qui vous permettra d&rsquo;acqu\u00e9rir un bon niveau en calcul num\u00e9rique et alg\u00e9brique. Calculs num\u00e9rique et alg\u00e9brique G\u00e9n\u00e9ralit\u00e9s :\u00a0R\u00e8gles de divisibilit\u00e9\u00a0;\u00a0Reconna\u00eetre une somme ou un produit\u00a0;\u00a0Substituer une valeur \u00e0 x\u00a0;\u00a0Choix de la forme la plus adapt\u00e9e Fractions :\u00a0\u00a0Manipulation de fractions\u00a0\u00a0;\u00a0Simplification d&rsquo;\u00e9critures fractionnaires Puissances [&hellip;]<\/p>\n","protected":false},"author":1,"featured_media":0,"parent":0,"menu_order":0,"comment_status":"closed","ping_status":"open","template":"","meta":[],"_links":{"self":[{"href":"http:\/\/www.unimath.fr\/index.php?rest_route=\/wp\/v2\/pages\/14"}],"collection":[{"href":"http:\/\/www.unimath.fr\/index.php?rest_route=\/wp\/v2\/pages"}],"about":[{"href":"http:\/\/www.unimath.fr\/index.php?rest_route=\/wp\/v2\/types\/page"}],"author":[{"embeddable":true,"href":"http:\/\/www.unimath.fr\/index.php?rest_route=\/wp\/v2\/users\/1"}],"replies":[{"embeddable":true,"href":"http:\/\/www.unimath.fr\/index.php?rest_route=%2Fwp%2Fv2%2Fcomments&post=14"}],"version-history":[{"count":105,"href":"http:\/\/www.unimath.fr\/index.php?rest_route=\/wp\/v2\/pages\/14\/revisions"}],"predecessor-version":[{"id":5589,"href":"http:\/\/www.unimath.fr\/index.php?rest_route=\/wp\/v2\/pages\/14\/revisions\/5589"}],"wp:attachment":[{"href":"http:\/\/www.unimath.fr\/index.php?rest_route=%2Fwp%2Fv2%2Fmedia&parent=14"}],"curies":[{"name":"wp","href":"https:\/\/api.w.org\/{rel}","templated":true}]}}