{"id":2358,"date":"2016-06-16T18:57:05","date_gmt":"2016-06-16T17:57:05","guid":{"rendered":"http:\/\/www.unimath.fr\/?page_id=2358"},"modified":"2022-10-29T10:28:01","modified_gmt":"2022-10-29T09:28:01","slug":"bien-demarrer-la-premiere-s-ou-es","status":"publish","type":"page","link":"http:\/\/www.unimath.fr\/?page_id=2358","title":{"rendered":"Bien d\u00e9marrer la premi\u00e8re"},"content":{"rendered":"<p><strong><span style=\"color: #333333;\">Afin de d\u00e9marrer sereinement la sp\u00e9cialit\u00e9 math\u00e9matiques de premi\u00e8re<\/span><\/strong>, je vous conseille de travailler les points suivants.\u00a0Je vous invite \u00e9galement \u00e0 d\u00e9couvrir l&rsquo;application <a href=\"http:\/\/www.unimath.fr\/?page_id=2635\" target=\"_blank\" rel=\"noopener noreferrer\"><span style=\"color: #d62647;\">revismath.fr<\/span><\/a>, niveau Seconde qui vous permettra d&rsquo;acqu\u00e9rir un bon niveau en calcul num\u00e9rique et alg\u00e9brique tout en r\u00e9visant une bonne partie du programme de seconde.<\/p>\n<p><strong><span style=\"color: #d62647;\">\u00c9quations<br \/>\n<\/span><\/strong><a href=\"http:\/\/www.s431178539.onlinehome.fr\/wordpressnath\/wp-content\/uploads\/2016\/06\/Bien-demarrer-premiere-equations.pdf\">M\u00e9thodes, exemples et exercices<br \/>\n<\/a><a href=\"http:\/\/www.s431178539.onlinehome.fr\/wordpressnath\/wp-content\/uploads\/2016\/06\/Bien-demarrer-premiere-equations-correction-1.pdf\">Correction<\/a><a href=\"http:\/\/www.s431178539.onlinehome.fr\/wordpressnath\/wp-content\/uploads\/2016\/06\/Bien-demarrer-premiere-equations.pdf\"><br \/>\n<\/a><\/p>\n<p><strong><span style=\"color: #d62647;\">In\u00e9quations ou \u00e9tude de signes<\/span><\/strong><br \/>\n<a href=\"http:\/\/www.s431178539.onlinehome.fr\/wordpressnath\/wp-content\/uploads\/2016\/06\/Bien-demarrer-premiere-inequation.pdf\" rel=\"\">M\u00e9thodes et exemples<\/a><br \/>\n<a href=\"http:\/\/www.s431178539.onlinehome.fr\/wordpressnath\/wp-content\/uploads\/2016\/06\/Bien-demarrer-premiere-inequation-exercice.pdf\" rel=\"\">Exercices<\/a><br \/>\n<a href=\"http:\/\/www.s431178539.onlinehome.fr\/wordpressnath\/wp-content\/uploads\/2016\/09\/Bien-demarrer-premiere-inequations-correction.pdf\">Correction<\/a><\/p>\n<p><strong><span style=\"color: #d62647;\">Syst\u00e8mes de deux \u00e9quations \u00e0 deux inconnues\u00a0\u00a0<\/span><\/strong><br \/>\n<a href=\"http:\/\/www.s431178539.onlinehome.fr\/wordpressnath\/wp-content\/uploads\/2016\/06\/Bien-demarrer-premiere-systeme.pdf\" rel=\"\">M\u00e9thodes et exemples<\/a><br \/>\n<a href=\"http:\/\/www.s431178539.onlinehome.fr\/wordpressnath\/wp-content\/uploads\/2016\/06\/Bien-preparer-premiere-systemes-exercices.pdf\" rel=\"\">Exercices<\/a><br \/>\n<a href=\"http:\/\/www.s431178539.onlinehome.fr\/wordpressnath\/wp-content\/uploads\/2016\/06\/Bien-demarrer-premiere-systemes-correction.pdf\" rel=\"\">Correction<br \/>\n<\/a><\/p>\n<p>Exercices interactifs d&rsquo;entra\u00eenement\u00a0:<\/p>\n<ul>\n<li>Syst\u00e8mes triangulaires (m\u00e9thode par \u00ab\u00a0remont\u00e9e\u00a0\u00bb) :\u00a0<a title=\"Syst\u00e8mes d\u2019\u00e9quation par \u00ab\u00a0remont\u00e9e\u00a0\u00bb ou syst\u00e8mes triangulaires\" href=\"http:\/\/www.s431178539.onlinehome.fr\/wordpressnath\/?p=401\" target=\"_blank\" rel=\"noopener noreferrer\">Exercice 1<\/a><\/li>\n<li>M\u00e9thodes par addition de deux lignes :\u00a0<a title=\"Syst\u00e8me d\u2019\u00e9quations par addition\" href=\"http:\/\/www.s431178539.onlinehome.fr\/wordpressnath\/?p=397\" target=\"_blank\" rel=\"noopener noreferrer\">Exercice 2<\/a><\/li>\n<li>M\u00e9thode par soustraction de deux lignes :\u00a0<a title=\"Syst\u00e8mes d\u2019\u00e9quations par soustraction\" href=\"http:\/\/www.s431178539.onlinehome.fr\/wordpressnath\/?p=399\" target=\"_blank\" rel=\"noopener noreferrer\">Exercice 3<\/a><\/li>\n<\/ul>\n<p><strong><span style=\"color: #d62647;\">Droites\u00a0<\/span><\/strong><br \/>\n<a href=\"http:\/\/www.s431178539.onlinehome.fr\/wordpressnath\/wp-content\/uploads\/2016\/06\/Bien-demarrer-premiere-droite-1.pdf\">M\u00e9thodes et exemples<\/a><br \/>\nExercices interactifs d&rsquo;entra\u00eenement\u00a0:<\/p>\n<ul>\n<li>Tracer des droites connaissant le coefficient directeur (nombre entier) :\u00a0<a title=\"Tracer des droites connaissant le coefficient directeur (nombre entier)\" href=\"http:\/\/www.s431178539.onlinehome.fr\/wordpressnath\/?p=61\" target=\"_blank\" rel=\"noopener noreferrer\">Exercice 1<\/a>\u00a0,\u00a0<a title=\"Tracer droite connaissant coefficient directeur (nombre entier) Ex2\" href=\"http:\/\/www.s431178539.onlinehome.fr\/wordpressnath\/?p=101\" target=\"_blank\" rel=\"noopener noreferrer\">Exercice 2<\/a><\/li>\n<li>Tracer des droites connaissant le coefficient directeur (nombre fractionnaire) \u00a0: \u00a0<a href=\"http:\/\/www.unimath.fr\/?p=1709\" target=\"_blank\" rel=\"noopener noreferrer\">Exercice 1<\/a>\u00a0;\u00a0<a title=\"Tracer droite connaissant le coefficient directeur (nombre fractionnaire) Ex 2\" href=\"http:\/\/www.unimath.fr\/?p=105\" target=\"_blank\" rel=\"noopener noreferrer\">Exercice 2<\/a><\/li>\n<li>Tracer des droites connaissant l&rsquo;\u00e9quation r\u00e9duite\u00a0:\u00a0<a title=\"Tracer des droites connaissant l\u2019\u00e9quation r\u00e9duite (coefficient directeur entier)\" href=\"http:\/\/www.s431178539.onlinehome.fr\/wordpressnath\/?p=64\" target=\"_blank\" rel=\"noopener noreferrer\">Exercice 1<\/a>\u00a0 ,\u00a0<a title=\"Tracer droite connaissant l\u2019\u00e9quation r\u00e9duite (coefficient entier) Ex2\" href=\"http:\/\/www.s431178539.onlinehome.fr\/wordpressnath\/?p=111\" target=\"_blank\" rel=\"noopener noreferrer\">Exercice 2<\/a>\u00a0,\u00a0<a title=\"Tracer des droites connaissant l\u2019\u00e9quation r\u00e9duite (coefficient directeur fractionnaire)\" href=\"http:\/\/www.s431178539.onlinehome.fr\/wordpressnath\/?p=72\" target=\"_blank\" rel=\"noopener noreferrer\">\u00a0Exercice 3<\/a><\/li>\n<li>Lire une \u00e9quation de droite :\u00a0<a href=\"http:\/\/www.unimath.fr\/?p=2093\" target=\"_blank\" rel=\"noopener noreferrer\">Exercice 1<\/a>\u00a0,\u00a0<a title=\"Lire une \u00e9quation de droite\" href=\"http:\/\/www.s431178539.onlinehome.fr\/wordpressnath\/?p=611\" target=\"_blank\" rel=\"noopener noreferrer\">Exercice 2<\/a><\/li>\n<\/ul>\n<p><a href=\"http:\/\/www.s431178539.onlinehome.fr\/wordpressnath\/wp-content\/uploads\/2016\/06\/Bien-demarrer-premiere-droites-exercices.pdf\">Exercices<br \/>\n<\/a><a href=\"http:\/\/www.s431178539.onlinehome.fr\/wordpressnath\/wp-content\/uploads\/2016\/06\/Bien-demarrer-premiere-droite-correction.pdf\">Correction<\/a><a href=\"http:\/\/www.s431178539.onlinehome.fr\/wordpressnath\/wp-content\/uploads\/2016\/06\/Bien-demarrer-premiere-droites-exercices.pdf\"><br \/>\n<\/a><\/p>\n<p><strong><span style=\"color: #d62647;\">Fonctions : lecture graphique et calculs<br \/>\n<\/span><\/strong><a href=\"http:\/\/www.s431178539.onlinehome.fr\/wordpressnath\/wp-content\/uploads\/2016\/07\/Bien-demarrer-premiere-exercice-fonction.pdf\">Exercice<br \/>\n<\/a><a href=\"http:\/\/www.s431178539.onlinehome.fr\/wordpressnath\/wp-content\/uploads\/2022\/10\/Bien-demarrer-premiere-Exercice-Fonction-correction.pdf\">Correction<\/a><\/p>\n<p><strong><span style=\"color: #d62647;\">Points et coordonn\u00e9es<br \/>\n<\/span><\/strong><a href=\"http:\/\/www.s431178539.onlinehome.fr\/wordpressnath\/wp-content\/uploads\/2016\/06\/Bien-demarrer-premiere-coordonnes.pdf\">Cours et exercice<br \/>\n<\/a><a href=\"http:\/\/www.s431178539.onlinehome.fr\/wordpressnath\/wp-content\/uploads\/2016\/06\/Bien-demarrer-premiere-points-correction.pdf\">Correction<\/a><\/p>\n","protected":false},"excerpt":{"rendered":"<p>Afin de d\u00e9marrer sereinement la sp\u00e9cialit\u00e9 math\u00e9matiques de premi\u00e8re, je vous conseille de travailler les points suivants.\u00a0Je vous invite \u00e9galement \u00e0 d\u00e9couvrir l&rsquo;application revismath.fr, niveau Seconde qui vous permettra d&rsquo;acqu\u00e9rir un bon niveau en calcul num\u00e9rique et alg\u00e9brique tout en r\u00e9visant une bonne partie du programme de seconde. \u00c9quations M\u00e9thodes, exemples et exercices Correction In\u00e9quations [&hellip;]<\/p>\n","protected":false},"author":1,"featured_media":0,"parent":0,"menu_order":0,"comment_status":"closed","ping_status":"closed","template":"","meta":[],"_links":{"self":[{"href":"http:\/\/www.unimath.fr\/index.php?rest_route=\/wp\/v2\/pages\/2358"}],"collection":[{"href":"http:\/\/www.unimath.fr\/index.php?rest_route=\/wp\/v2\/pages"}],"about":[{"href":"http:\/\/www.unimath.fr\/index.php?rest_route=\/wp\/v2\/types\/page"}],"author":[{"embeddable":true,"href":"http:\/\/www.unimath.fr\/index.php?rest_route=\/wp\/v2\/users\/1"}],"replies":[{"embeddable":true,"href":"http:\/\/www.unimath.fr\/index.php?rest_route=%2Fwp%2Fv2%2Fcomments&post=2358"}],"version-history":[{"count":42,"href":"http:\/\/www.unimath.fr\/index.php?rest_route=\/wp\/v2\/pages\/2358\/revisions"}],"predecessor-version":[{"id":5011,"href":"http:\/\/www.unimath.fr\/index.php?rest_route=\/wp\/v2\/pages\/2358\/revisions\/5011"}],"wp:attachment":[{"href":"http:\/\/www.unimath.fr\/index.php?rest_route=%2Fwp%2Fv2%2Fmedia&parent=2358"}],"curies":[{"name":"wp","href":"https:\/\/api.w.org\/{rel}","templated":true}]}}