{"id":2389,"date":"2016-06-23T21:01:50","date_gmt":"2016-06-23T20:01:50","guid":{"rendered":"http:\/\/www.unimath.fr\/?page_id=2389"},"modified":"2019-10-06T17:57:12","modified_gmt":"2019-10-06T16:57:12","slug":"bien-demarrer-la-prepa","status":"publish","type":"page","link":"http:\/\/www.unimath.fr\/?page_id=2389","title":{"rendered":"Bien d\u00e9marrer la pr\u00e9pa"},"content":{"rendered":"<p>Cette page a pour objectif de vous apporter des outils utiles en Pr\u00e9pa, nouveaux ou peu utilis\u00e9s en Terminale S.<br \/>\n<del><\/del><\/p>\n<p>Je vous invite \u00e0 r\u00e9viser toutes vos connaissances de Terminale (notamment formules de d\u00e9rivation, de primitive, fonction ln, fonction exp, fonctions sinus et cosinus, suites, complexes)\u00a0\u00a0pour\u00a0aborder la Pr\u00e9pa dans de\u00a0bonnes\u00a0conditions.<\/p>\n<p>Vous pouvez \u00e9galement vous entra\u00eener \u00e0 une bonne maitr\u00eese du calcul num\u00e9rique et alg\u00e9brique sur le site revismath.fr.<\/p>\n<ol>\n<li><strong><span style=\"color: #d62647;\">S&rsquo;entra\u00eener aux calculs<br \/>\n<\/span><\/strong><a href=\"http:\/\/www.s431178539.onlinehome.fr\/wordpressnath\/wp-content\/uploads\/2019\/10\/Calculs-niveau-sup-TS-unimath.pdf\">sujet 1<\/a>\u00a0 ; <a href=\"http:\/\/www.s431178539.onlinehome.fr\/wordpressnath\/wp-content\/uploads\/2019\/10\/Calculs-niveau-sup-TS-unimath-correction.pdf\">correction<\/a><br \/>\n<a href=\"http:\/\/www.s431178539.onlinehome.fr\/wordpressnath\/wp-content\/uploads\/2019\/09\/Calculs-intro-recurrrence-unimath-sujet.pdf\">sujet 2\u00a0<\/a>\u00a0; <a href=\"http:\/\/www.s431178539.onlinehome.fr\/wordpressnath\/wp-content\/uploads\/2019\/09\/Calculs-intro-recurrence-Unimath.pdf\">correction<\/a><\/li>\n<li><strong><span style=\"color: #d62647;\">Conseils pour la r\u00e9daction d&rsquo;un sujet de math\u00e9matiques<\/span><\/strong><br \/>\n<a href=\"http:\/\/www.s431178539.onlinehome.fr\/wordpressnath\/wp-content\/uploads\/2018\/01\/Rapport-concours-Polytechnique.pdf\">\u00c9l\u00e9ments de rapports du concours Polytechnique<\/a><br \/>\n(extraits du site gargantua.polytechnique.fr)<\/li>\n<li><strong><span style=\"color: #d62647;\">Somme et notation\u00a0\u2211<\/span><br \/>\n<\/strong><a href=\"http:\/\/www.s431178539.onlinehome.fr\/wordpressnath\/wp-content\/uploads\/2016\/09\/Bien-preparer-prepa-Sigma.pdf\">M\u00e9thodes et exercices<br \/>\n<\/a><a href=\"http:\/\/www.s431178539.onlinehome.fr\/wordpressnath\/wp-content\/uploads\/2016\/09\/Bien-demarrer-prepa-sigma-correction.pdf\">Correction<\/a><\/li>\n<li><strong><span style=\"color: #d62647;\">Puissances et factorielles<br \/>\n<\/span><\/strong><a href=\"http:\/\/www.s431178539.onlinehome.fr\/wordpressnath\/wp-content\/uploads\/2016\/09\/Bien-preparer-prepa-puissances-factorielle.pdf\">M\u00e9thodes et exercices<br \/>\n<\/a><a href=\"http:\/\/www.s431178539.onlinehome.fr\/wordpressnath\/wp-content\/uploads\/2016\/07\/Bien-demarrer-prepa-puissances-factoriel-correction.pdf\">Correction<\/a><\/li>\n<li><strong><span style=\"color: #d62647;\">Produit\u00a0et notation \u220f<\/span><\/strong><br \/>\n<a href=\"http:\/\/www.s431178539.onlinehome.fr\/wordpressnath\/wp-content\/uploads\/2016\/07\/Bien-preparer-prepa-Produit.pdf\">Exercices<\/a><br \/>\n<a href=\"http:\/\/www.s431178539.onlinehome.fr\/wordpressnath\/wp-content\/uploads\/2016\/07\/Bien-demarrer-prepa-produit-correction.pdf\">Correction<\/a><strong><span style=\"color: #d62647;\"><br \/>\n<\/span><\/strong><\/li>\n<li><strong><span style=\"color: #d62647;\">Coefficients binomiaux<\/span><\/strong><br \/>\n<a href=\"http:\/\/www.s431178539.onlinehome.fr\/wordpressnath\/wp-content\/uploads\/2016\/09\/Bien-preparer-prepa-coeff-binomiaux.pdf\">M\u00e9thodes et exercices<\/a><br \/>\n<a href=\"http:\/\/www.s431178539.onlinehome.fr\/wordpressnath\/wp-content\/uploads\/2016\/10\/Bien-demarrer-prepa-coeff-binomiaux-correction.pdf\">Correction<\/a><strong><span style=\"color: #d62647;\"><br \/>\n<\/span><\/strong><\/li>\n<li><strong><span style=\"color: #d62647;\">Valeur absolue<br \/>\n<\/span><\/strong><span style=\"color: #d62647;\"><a href=\"http:\/\/www.s431178539.onlinehome.fr\/wordpressnath\/wp-content\/uploads\/2016\/06\/Bien-demarrer-prepa-valeur-absolue2.pdf\">M\u00e9thodes et exercices<br \/>\n<\/a><a href=\"http:\/\/www.s431178539.onlinehome.fr\/wordpressnath\/wp-content\/uploads\/2016\/06\/Bien-demarrer-prepa-absolue-correction.pdf\">Correction<\/a><\/span><strong><span style=\"color: #d62647;\"><br \/>\n<\/span><\/strong><\/li>\n<li><strong><span style=\"color: #d62647;\">Suites<\/span><br \/>\n<\/strong><a href=\"http:\/\/www.s431178539.onlinehome.fr\/wordpressnath\/wp-content\/uploads\/2016\/07\/Bien-demarrer-prepa-suites.pdf\">Exercices<\/a><strong><br \/>\n<\/strong><a href=\"http:\/\/www.s431178539.onlinehome.fr\/wordpressnath\/wp-content\/uploads\/2016\/07\/Bien-demarrer-prepa-suite-correction.pdf\">Correction<\/a><\/li>\n<li><strong><span style=\"color: #d62647;\">Trigonom\u00e9trie (sauf Pr\u00e9pas BL et EC)<\/span><br \/>\n<\/strong><a href=\"http:\/\/www.s431178539.onlinehome.fr\/wordpressnath\/wp-content\/uploads\/2017\/06\/Bien-demarrer-prepa-Trigonometrie.pdf\">Formules et exercices<br \/>\n<\/a><a href=\"http:\/\/www.s431178539.onlinehome.fr\/wordpressnath\/wp-content\/uploads\/2017\/06\/Bien-demarrer-prepa-Trigo-correction.pdf\">Correction<\/a><strong><span style=\"color: #d62647;\"><br \/>\n<\/span><\/strong><\/li>\n<li><strong><span style=\"color: #d62647;\">Syst\u00e8mes de trois\u00a0\u00e9quations \u00e0 trois\u00a0inconnues\u00a0<\/span><\/strong><br \/>\n<a href=\"http:\/\/www.s431178539.onlinehome.fr\/wordpressnath\/wp-content\/uploads\/2016\/08\/Bien-demarrer-prepa-systemes.pdf\">M\u00e9thodes et exercices<\/a><br \/>\n<a href=\"http:\/\/www.s431178539.onlinehome.fr\/wordpressnath\/wp-content\/uploads\/2016\/06\/Bien-demarrer-prepa-systemes-correction.pdf\">Correction<\/a><strong><span style=\"color: #d62647;\"><br \/>\n<\/span><\/strong><\/li>\n<li><strong><span style=\"color: #d62647;\">D\u00e9composition d&rsquo;une fraction rationnelle en \u00e9l\u00e9ments simples<br \/>\n<\/span><\/strong><a href=\"http:\/\/www.s431178539.onlinehome.fr\/wordpressnath\/wp-content\/uploads\/2016\/06\/Bien-preparer-prepa-d\u00e9composition.pdf\">M\u00e9thodes et exercices<br \/>\n<\/a><a href=\"http:\/\/www.s431178539.onlinehome.fr\/wordpressnath\/wp-content\/uploads\/2016\/06\/Bien-preparer-prepa-fraction-correction.pdf\">Correction<\/a><strong><span style=\"color: #d62647;\"><br \/>\n<\/span><\/strong><\/li>\n<li><strong><span style=\"color: #d62647;\">Fonctions paire ou impaires<br \/>\n<\/span><\/strong><a href=\"http:\/\/www.s431178539.onlinehome.fr\/wordpressnath\/wp-content\/uploads\/2016\/08\/Bien-demarrer-prepa-parite.pdf\">M\u00e9thodes et exercices<\/a><a href=\"&quot;http:\/\/www.s431178539.onlinehome.fr\/wordpressnath\/wp-content\/uploads\/2016\/08\/Bien-demarrer-prepa-parite.pdf\"><br \/>\n<\/a><a href=\"http:\/\/www.s431178539.onlinehome.fr\/wordpressnath\/wp-content\/uploads\/2016\/06\/Bien-demarrer-prepa-paire-correction.pdf\">Correction<\/a><strong><span style=\"color: #d62647;\"><br \/>\n<\/span><\/strong><\/li>\n<li><strong><span style=\"color: #d62647;\">Raisonnements<br \/>\n<\/span><\/strong><a href=\"http:\/\/www.s431178539.onlinehome.fr\/wordpressnath\/wp-content\/uploads\/2016\/06\/Bien-demarrer-prepa-raisonnement.pdf\">M\u00e9thodes et exercices<br \/>\n<\/a><a href=\"http:\/\/www.s431178539.onlinehome.fr\/wordpressnath\/wp-content\/uploads\/2016\/06\/Bien-preparer-prepa-raisonnement-correction.pdf\">Correction<\/a><strong><span style=\"color: #d62647;\"><br \/>\n<\/span><\/strong><\/li>\n<li><strong><span style=\"color: #d62647;\">Int\u00e9gration par parties<br \/>\n<\/span><\/strong><a href=\"http:\/\/www.s431178539.onlinehome.fr\/wordpressnath\/wp-content\/uploads\/2017\/06\/Bien-demarrer-prepa-IPP.pdf\">M\u00e9thode et exercices<br \/>\n<\/a><a href=\"http:\/\/www.s431178539.onlinehome.fr\/wordpressnath\/wp-content\/uploads\/2017\/06\/Bien-demarrer-Prepa-IPP-Correction.pdf\">Correction<\/a><strong><span style=\"color: #d62647;\"><br \/>\n<\/span><\/strong><\/li>\n<li><strong><span style=\"color: #d62647;\">Applications lin\u00e9aires<br \/>\n<\/span><\/strong><a href=\"http:\/\/www.s431178539.onlinehome.fr\/wordpressnath\/wp-content\/uploads\/2017\/06\/Bien-demarrer-Prepa-Application-lineaire.pdf\">M\u00e9thodes et exercices<br \/>\n<\/a><a href=\"http:\/\/www.s431178539.onlinehome.fr\/wordpressnath\/wp-content\/uploads\/2017\/06\/Bien-demarrer-prepa-Application-lineaire-Correction.pdf\">Correction<\/a><\/li>\n<\/ol>\n","protected":false},"excerpt":{"rendered":"<p>Cette page a pour objectif de vous apporter des outils utiles en Pr\u00e9pa, nouveaux ou peu utilis\u00e9s en Terminale S. Je vous invite \u00e0 r\u00e9viser toutes vos connaissances de Terminale (notamment formules de d\u00e9rivation, de primitive, fonction ln, fonction exp, fonctions sinus et cosinus, suites, complexes)\u00a0\u00a0pour\u00a0aborder la Pr\u00e9pa dans de\u00a0bonnes\u00a0conditions. Vous pouvez \u00e9galement vous entra\u00eener [&hellip;]<\/p>\n","protected":false},"author":1,"featured_media":0,"parent":0,"menu_order":0,"comment_status":"closed","ping_status":"closed","template":"","meta":[],"_links":{"self":[{"href":"http:\/\/www.unimath.fr\/index.php?rest_route=\/wp\/v2\/pages\/2389"}],"collection":[{"href":"http:\/\/www.unimath.fr\/index.php?rest_route=\/wp\/v2\/pages"}],"about":[{"href":"http:\/\/www.unimath.fr\/index.php?rest_route=\/wp\/v2\/types\/page"}],"author":[{"embeddable":true,"href":"http:\/\/www.unimath.fr\/index.php?rest_route=\/wp\/v2\/users\/1"}],"replies":[{"embeddable":true,"href":"http:\/\/www.unimath.fr\/index.php?rest_route=%2Fwp%2Fv2%2Fcomments&post=2389"}],"version-history":[{"count":59,"href":"http:\/\/www.unimath.fr\/index.php?rest_route=\/wp\/v2\/pages\/2389\/revisions"}],"predecessor-version":[{"id":3522,"href":"http:\/\/www.unimath.fr\/index.php?rest_route=\/wp\/v2\/pages\/2389\/revisions\/3522"}],"wp:attachment":[{"href":"http:\/\/www.unimath.fr\/index.php?rest_route=%2Fwp%2Fv2%2Fmedia&parent=2389"}],"curies":[{"name":"wp","href":"https:\/\/api.w.org\/{rel}","templated":true}]}}