{"id":2635,"date":"2016-11-08T17:18:29","date_gmt":"2016-11-08T16:18:29","guid":{"rendered":"http:\/\/www.unimath.fr\/?page_id=2635"},"modified":"2022-07-01T18:20:20","modified_gmt":"2022-07-01T17:20:20","slug":"revismath-fr","status":"publish","type":"page","link":"http:\/\/www.unimath.fr\/?page_id=2635","title":{"rendered":"Revismath.fr"},"content":{"rendered":"<div id=\"conteneur\">\n<div id=\"spacer\"><\/div>\n<div id=\"encart\"><video src=\"http:\/\/www.revismath.fr\/images\/accueil\/animation.mp4\" poster=\"http:\/\/www.revismath.fr\/images\/accueil\/animation2.png\" controls=\"controls\" width=\"250\" height=\"485\"><\/video><\/div>\n<p>Nous avons d\u00e9velopp\u00e9 une application dans le but de faire acqu\u00e9rir aux \u00e9l\u00e8ves de lyc\u00e9e un bon niveau en calcul (num\u00e9rique, alg\u00e9brique et mental).<\/p>\n<p>Cette application s\u2019adresse <strong><span style=\"color: #d62647;\">aux lyc\u00e9ens et aux futurs \u00e9l\u00e8ves post-bac.<\/span><\/strong><br \/>\nLes \u00e9l\u00e8ves en difficult\u00e9 reprennent confiance en ma\u00eetrisant les calculs de base.<br \/>\nLes \u00e9l\u00e8ves d\u00e9j\u00e0 \u00e0 l&rsquo;aise\u00a0deviennent plus performants dans le calcul mental (aussi bien num\u00e9rique qu\u2019alg\u00e9brique).<\/p>\n<p>Une question courte est pos\u00e9e, l&rsquo;\u00e9l\u00e8ve est invit\u00e9 \u00e0 trouver, <strong><span style=\"color: #d62647;\">si possible de t\u00eate<\/span><\/strong>, la r\u00e9ponse ; une fois affich\u00e9e la r\u00e9ponse correcte il d\u00e9clare lui m\u00eame s&rsquo;il a juste ou faux, ce qui \u00e9vite toute saisie et permet de gagner du temps.<\/p>\n<p class=\"\"><strong><span style=\"color: #d62647;\">Un syst\u00e8me personnalis\u00e9 de r\u00e9vision<\/span><\/strong>\u00a0est ensuite propos\u00e9 \u00e0 l\u2019\u00e9l\u00e8ve :<br \/>\n1. Les exercices non r\u00e9ussis\u00a0sont\u00a0propos\u00e9s \u00e0 nouveau \u00e0 l&rsquo;\u00e9l\u00e8ve\u00a0quelques jours plus tard.<br \/>\n2. Pour environ 10% des r\u00e9ponses d\u00e9clar\u00e9es justes, un <strong><span style=\"color: #d62647;\">QCM<\/span><\/strong>\u00a0est propos\u00e9 au bout d&rsquo;une semaine pour \u00e9valuer l&rsquo;apprentissage.<\/p>\n<\/div>\n<div class=\"\">\n<p class=\"\"><strong><span style=\"color: #d62647;\">Pour acc\u00e9der \u00e0 l\u2019application :<\/span><\/strong>\u00a0 \u00a0<a class=\"\" href=\"http:\/\/revismath.fr\/\">revismath.fr<\/a>\u00a0\u00a0 \u00a0puis cr\u00e9er un compte \u00e9l\u00e8ve.<\/p>\n<p class=\"\">Testez cette application et n\u2019h\u00e9sitez pas \u00e0 nous faire part de vos remarques.<\/p>\n<p class=\"\">Nathalie et Lionel Arnaud<\/p>\n<\/div>\n","protected":false},"excerpt":{"rendered":"<p>Nous avons d\u00e9velopp\u00e9 une application dans le but de faire acqu\u00e9rir aux \u00e9l\u00e8ves de lyc\u00e9e un bon niveau en calcul (num\u00e9rique, alg\u00e9brique et mental). Cette application s\u2019adresse aux lyc\u00e9ens et aux futurs \u00e9l\u00e8ves post-bac. Les \u00e9l\u00e8ves en difficult\u00e9 reprennent confiance en ma\u00eetrisant les calculs de base. Les \u00e9l\u00e8ves d\u00e9j\u00e0 \u00e0 l&rsquo;aise\u00a0deviennent plus performants dans le [&hellip;]<\/p>\n","protected":false},"author":1,"featured_media":0,"parent":0,"menu_order":0,"comment_status":"closed","ping_status":"closed","template":"","meta":[],"_links":{"self":[{"href":"http:\/\/www.unimath.fr\/index.php?rest_route=\/wp\/v2\/pages\/2635"}],"collection":[{"href":"http:\/\/www.unimath.fr\/index.php?rest_route=\/wp\/v2\/pages"}],"about":[{"href":"http:\/\/www.unimath.fr\/index.php?rest_route=\/wp\/v2\/types\/page"}],"author":[{"embeddable":true,"href":"http:\/\/www.unimath.fr\/index.php?rest_route=\/wp\/v2\/users\/1"}],"replies":[{"embeddable":true,"href":"http:\/\/www.unimath.fr\/index.php?rest_route=%2Fwp%2Fv2%2Fcomments&post=2635"}],"version-history":[{"count":29,"href":"http:\/\/www.unimath.fr\/index.php?rest_route=\/wp\/v2\/pages\/2635\/revisions"}],"predecessor-version":[{"id":4955,"href":"http:\/\/www.unimath.fr\/index.php?rest_route=\/wp\/v2\/pages\/2635\/revisions\/4955"}],"wp:attachment":[{"href":"http:\/\/www.unimath.fr\/index.php?rest_route=%2Fwp%2Fv2%2Fmedia&parent=2635"}],"curies":[{"name":"wp","href":"https:\/\/api.w.org\/{rel}","templated":true}]}}