{"id":3535,"date":"2019-11-20T16:32:47","date_gmt":"2019-11-20T15:32:47","guid":{"rendered":"http:\/\/www.unimath.fr\/?page_id=3535"},"modified":"2025-01-19T18:22:00","modified_gmt":"2025-01-19T17:22:00","slug":"orientation","status":"publish","type":"page","link":"http:\/\/www.unimath.fr\/?page_id=3535","title":{"rendered":"Orientation"},"content":{"rendered":"<ol>\n<li><a href=\"https:\/\/www.onisep.fr\/Media\/Multimedia\/Quiz-de-positionnement\/quiz-quels-metiers-pour-moi\">Quizz : Quels m\u00e9tiers pour moi ?<\/a><br \/>\n<span style=\"font-size: 1rem;\">Remarque : les \u00ab\u00a0dossiers m\u00e9tiers\u00a0\u00bb pourront \u00eatre retrouv\u00e9s sur le site\u00a0<\/span><a style=\"font-size: 1rem;\" href=\"http:\/\/onisep.fr\/\" target=\"_blank\" rel=\"noopener noreferrer\">onisep.fr<\/a><br \/>\n<span style=\"font-size: 1rem;\">puis dans le menu : \u00a0<\/span><a style=\"font-size: 1rem;\" href=\"http:\/\/www.onisep.fr\/Decouvrir-les-metiers#Des-metiers-par-secteur\" target=\"_blank\" rel=\"noopener noreferrer\">METIERS \/ Des m\u00e9tiers par secteur<\/a><\/li>\n<li><a href=\"https:\/\/www.oriane.info\/quels-metiers-soffrent-vous-1\" target=\"_blank\" rel=\"noopener\">Quizz Oriane <\/a><\/li>\n<li>Sp\u00e9cialit\u00e9s du Lyc\u00e9e g\u00e9n\u00e9ral ou technologique : <a href=\"https:\/\/www.horizons21.fr\" target=\"_blank\" rel=\"noopener\">Horizons21<\/a><\/li>\n<li><a href=\"https:\/\/www.onisep.fr\/Choisir-mes-etudes\/Au-lycee-au-CFA\/Au-lycee-general-et-technologique\/La-voie-technologique-en-premiere-et-terminale\" target=\"_blank\" rel=\"noopener\">D\u00e9couvrir les bac technologiques<\/a><br \/>\n<span style=\"font-size: 1rem;\">Fiche : <\/span><a style=\"font-size: 1rem;\" href=\"http:\/\/www.s431178539.onlinehome.fr\/wordpressnath\/wp-content\/uploads\/2022\/01\/Bac-STI2D.pdf\">Bac STI2D<\/a>\u00a0 Jean Dupuy<span style=\"font-size: 1rem;\"><br \/>\nFiche : <\/span><a style=\"font-size: 1rem;\" href=\"http:\/\/www.s431178539.onlinehome.fr\/wordpressnath\/wp-content\/uploads\/2022\/01\/Bac-ST2S.pdf\">Bac ST2S<\/a>\u00a0 Marie Curie<\/li>\n<li>Guide 2024 : <a href=\"http:\/\/www.s431178539.onlinehome.fr\/wordpressnath\/wp-content\/uploads\/2024\/01\/GUIDE_APRES_BAC_2024_National.pdf\">Apr\u00e8s Bac<\/a><\/li>\n<li><span style=\"color: #d62647;\"><span style=\"caret-color: #d62647;\"><b><a href=\"https:\/\/www.youtube.com\/watch?v=Y0a6kJbqGRY\" target=\"_blank\" rel=\"noopener\">Apprendre \u00e0 apprendre.<\/a>\u00a0(Vid\u00e9o)<br \/>\n<\/b><\/span><\/span><span style=\"font-size: 1rem;\"><span style=\"font-size: 1rem;\">De la 5\u00e8me minute \u00e0 la 20.<\/span><\/span><\/li>\n<li><a href=\"https:\/\/framaforms.org\/les-collegiens-et-lyceens-et-lintelligence-artificielle-1732377769\" target=\"_blank\" rel=\"noopener\">Sondage Utilisation I.A.<\/a><br \/>\nEnqu\u00eate organis\u00e9e par le Cercle de recherche et d\u2019action p\u00e9dagogique qui \u00e9dite les <i>Cahiers p\u00e9dagogiques<\/i>.<br \/>\nQue tu sois \u2013 ou non \u2013 habitu\u00e9 ou habitu\u00e9e \u00e0 utiliser l\u2019IA, ton avis est important et permettra de mieux comprendre comment les coll\u00e9giens et les lyc\u00e9ens d\u2019aujourd\u2019hui voient et utilisent l\u2019intelligence artificielle.<br \/>\nNous te remercions par avance de ta participation, qui est facultative et anonyme.<\/li>\n<\/ol>\n","protected":false},"excerpt":{"rendered":"<p>Quizz : Quels m\u00e9tiers pour moi ? Remarque : les \u00ab\u00a0dossiers m\u00e9tiers\u00a0\u00bb pourront \u00eatre retrouv\u00e9s sur le site\u00a0onisep.fr puis dans le menu : \u00a0METIERS \/ Des m\u00e9tiers par secteur Quizz Oriane Sp\u00e9cialit\u00e9s du Lyc\u00e9e g\u00e9n\u00e9ral ou technologique : Horizons21 D\u00e9couvrir les bac technologiques Fiche : Bac STI2D\u00a0 Jean Dupuy Fiche : Bac ST2S\u00a0 Marie Curie [&hellip;]<\/p>\n","protected":false},"author":1,"featured_media":0,"parent":0,"menu_order":0,"comment_status":"closed","ping_status":"closed","template":"","meta":[],"_links":{"self":[{"href":"http:\/\/www.unimath.fr\/index.php?rest_route=\/wp\/v2\/pages\/3535"}],"collection":[{"href":"http:\/\/www.unimath.fr\/index.php?rest_route=\/wp\/v2\/pages"}],"about":[{"href":"http:\/\/www.unimath.fr\/index.php?rest_route=\/wp\/v2\/types\/page"}],"author":[{"embeddable":true,"href":"http:\/\/www.unimath.fr\/index.php?rest_route=\/wp\/v2\/users\/1"}],"replies":[{"embeddable":true,"href":"http:\/\/www.unimath.fr\/index.php?rest_route=%2Fwp%2Fv2%2Fcomments&post=3535"}],"version-history":[{"count":41,"href":"http:\/\/www.unimath.fr\/index.php?rest_route=\/wp\/v2\/pages\/3535\/revisions"}],"predecessor-version":[{"id":5472,"href":"http:\/\/www.unimath.fr\/index.php?rest_route=\/wp\/v2\/pages\/3535\/revisions\/5472"}],"wp:attachment":[{"href":"http:\/\/www.unimath.fr\/index.php?rest_route=%2Fwp%2Fv2%2Fmedia&parent=3535"}],"curies":[{"name":"wp","href":"https:\/\/api.w.org\/{rel}","templated":true}]}}