{"id":4886,"date":"2022-03-20T11:47:53","date_gmt":"2022-03-20T10:47:53","guid":{"rendered":"http:\/\/www.unimath.fr\/?page_id=4886"},"modified":"2026-03-11T20:18:55","modified_gmt":"2026-03-11T19:18:55","slug":"grand-oral","status":"publish","type":"page","link":"http:\/\/www.unimath.fr\/?page_id=4886","title":{"rendered":"Grand oral"},"content":{"rendered":"<p><strong><span style=\"color: #d62647;\">Comment utiliser ChatGPT pour le grand oral :<\/span><\/strong><\/p>\n<ol>\n<li><strong>\u00a0<\/strong><a href=\"https:\/\/www.youtube.com\/watch?v=Ytcyw5VbeJs\" target=\"_blank\" rel=\"noopener\">Vid\u00e9o 1<\/a> ;\u00a0<a href=\"https:\/\/www.youtube.com\/watch?v=2JwTpXaiAl4\" target=\"_blank\" rel=\"noopener\">Vid\u00e9o 2<\/a><\/li>\n<li><span style=\"font-size: 1rem;\">Voici une discussion possible et test\u00e9e pour vous :<\/span><\/li>\n<\/ol>\n<p><span style=\"font-size: 1rem;\"><strong>Question 1 :<\/strong> Je n&rsquo;ai pas encore d&rsquo;id\u00e9e de sujet pour le grand oral de math\u00e9matiques mais j&rsquo;aime bien les int\u00e9grales. Pourrais-tu m&rsquo;aider ?<\/span><\/p>\n<p><span style=\"font-size: 1rem;\"><strong>Question 2 : <\/strong><\/span>J&rsquo;aime bien le sujet 5. Pourrais-tu me donner un exemple et m&rsquo;expliquer en quoi les int\u00e9grales interviennent ?<\/p>\n<p><span style=\"font-size: 1rem;\"><strong>Question 3 : <\/strong><\/span>Le type d&rsquo;int\u00e9grale que tu proposes n&rsquo;est pas au programme de la sp\u00e9cialit\u00e9 Math\u00e9matiques de Terminale. Aurais-tu d&rsquo;autres exemples qui utilisent des int\u00e9grales de niveau terminale ?<\/p>\n<p><span style=\"font-size: 1rem;\"><strong>Question 4 : <\/strong><\/span>Peux tu me donner un lien vers un article ou un site qui parlerait de cela et qui soit \u00e0 ma port\u00e9e ?<\/p>\n<p><strong><span style=\"color: #d62647;\">Pour trouver un sujet et\/ou voir un exemple de pr\u00e9sentation orale :<\/span><\/strong><\/p>\n<ul>\n<li>Vid\u00e9os <a href=\"https:\/\/mathsamoi.com\/\">mathsamoi.com\u00a0<\/a><\/li>\n<li>Vid\u00e9os <a href=\"https:\/\/video.math.cnrs.fr\">VideoDiMath<\/a><\/li>\n<li>Vid\u00e9os <a href=\"https:\/\/www.arte.tv\/fr\/videos\/RC-021426\/voyages-au-pays-des-maths\/\">Arte Voyages au pays des maths<\/a><\/li>\n<li>Vid\u00e9os <a href=\"https:\/\/www.youtube.com\/@mathsmoica\/videos\">Maths moi \u00e7a !<\/a><\/li>\n<li>Vid\u00e9os\u00a0<a href=\"https:\/\/www.youtube.com\/@ScienceEtonnante\/search?query=maths\" target=\"_blank\" rel=\"noopener\">Sciences \u00e9tonnantes<\/a><\/li>\n<li>Vid\u00e9os \u00a0<a href=\"https:\/\/www.youtube.com\/@Cestpassorcierofficiel\/search?query=mathematiques\" target=\"_blank\" rel=\"noopener\">C&rsquo;est pas sorcier<\/a><\/li>\n<li>Livre au CDI : Les maths au quotidien<br \/>\n<a href=\"http:\/\/www.s431178539.onlinehome.fr\/wordpressnath\/wp-content\/uploads\/2023\/04\/Maths-au-quotidien.png\"><img loading=\"lazy\" class=\"alignnone size-medium wp-image-5156\" src=\"http:\/\/www.s431178539.onlinehome.fr\/wordpressnath\/wp-content\/uploads\/2023\/04\/Maths-au-quotidien-300x209.png\" alt=\"\" width=\"300\" height=\"209\" srcset=\"http:\/\/www.s431178539.onlinehome.fr\/wordpressnath\/wp-content\/uploads\/2023\/04\/Maths-au-quotidien-300x209.png 300w, http:\/\/www.s431178539.onlinehome.fr\/wordpressnath\/wp-content\/uploads\/2023\/04\/Maths-au-quotidien-1024x713.png 1024w, http:\/\/www.s431178539.onlinehome.fr\/wordpressnath\/wp-content\/uploads\/2023\/04\/Maths-au-quotidien-768x535.png 768w, http:\/\/www.s431178539.onlinehome.fr\/wordpressnath\/wp-content\/uploads\/2023\/04\/Maths-au-quotidien-624x435.png 624w, http:\/\/www.s431178539.onlinehome.fr\/wordpressnath\/wp-content\/uploads\/2023\/04\/Maths-au-quotidien.png 1166w\" sizes=\"(max-width: 300px) 100vw, 300px\" \/><\/a><\/li>\n<\/ul>\n<p><strong>Grand Oral 2023 : <a href=\"http:\/\/www.s431178539.onlinehome.fr\/wordpressnath\/wp-content\/uploads\/2023\/05\/Consigne-Grand-oral.pdf\">Consignes pour le support papier<\/a>\u00a0<\/strong><\/p>\n<p><strong><span style=\"color: #d62647;\">Conseils pour avoir une bonne note au Grand Oral :<\/span><\/strong>\u00a0<a href=\"http:\/\/www.s431178539.onlinehome.fr\/wordpressnath\/wp-content\/uploads\/2022\/04\/grille_evaluation-Grand-oral.pdf\">grille d&rsquo;\u00e9valuation<\/a>\u00a0;\u00a0<a href=\"https:\/\/www.youtube.com\/watch?v=OU3b8htp3-4\" target=\"_blank\" rel=\"noopener\">vid\u00e9o<\/a><\/p>\n<p><strong><span style=\"color: #d62647;\">Dix choses \u00e0 ne pas faire au Grand Oral : <\/span><\/strong>\u00a0<a href=\"https:\/\/www.youtube.com\/watch?v=C_LrTU4wzB0\" target=\"_blank\" rel=\"noopener\">vid\u00e9o<\/a>.<br \/>\n(Attention la pr\u00e9sentation au grand oral est maintenant de 10 minutes et non pas 5)<\/p>\n<p>&nbsp;<\/p>\n<p>&nbsp;<\/p>\n<p>&nbsp;<\/p>\n","protected":false},"excerpt":{"rendered":"<p>Comment utiliser ChatGPT pour le grand oral : \u00a0Vid\u00e9o 1 ;\u00a0Vid\u00e9o 2 Voici une discussion possible et test\u00e9e pour vous : Question 1 : Je n&rsquo;ai pas encore d&rsquo;id\u00e9e de sujet pour le grand oral de math\u00e9matiques mais j&rsquo;aime bien les int\u00e9grales. Pourrais-tu m&rsquo;aider ? Question 2 : J&rsquo;aime bien le sujet 5. Pourrais-tu me [&hellip;]<\/p>\n","protected":false},"author":1,"featured_media":0,"parent":0,"menu_order":0,"comment_status":"closed","ping_status":"closed","template":"","meta":[],"_links":{"self":[{"href":"http:\/\/www.unimath.fr\/index.php?rest_route=\/wp\/v2\/pages\/4886"}],"collection":[{"href":"http:\/\/www.unimath.fr\/index.php?rest_route=\/wp\/v2\/pages"}],"about":[{"href":"http:\/\/www.unimath.fr\/index.php?rest_route=\/wp\/v2\/types\/page"}],"author":[{"embeddable":true,"href":"http:\/\/www.unimath.fr\/index.php?rest_route=\/wp\/v2\/users\/1"}],"replies":[{"embeddable":true,"href":"http:\/\/www.unimath.fr\/index.php?rest_route=%2Fwp%2Fv2%2Fcomments&post=4886"}],"version-history":[{"count":20,"href":"http:\/\/www.unimath.fr\/index.php?rest_route=\/wp\/v2\/pages\/4886\/revisions"}],"predecessor-version":[{"id":5729,"href":"http:\/\/www.unimath.fr\/index.php?rest_route=\/wp\/v2\/pages\/4886\/revisions\/5729"}],"wp:attachment":[{"href":"http:\/\/www.unimath.fr\/index.php?rest_route=%2Fwp%2Fv2%2Fmedia&parent=4886"}],"curies":[{"name":"wp","href":"https:\/\/api.w.org\/{rel}","templated":true}]}}