{"id":5171,"date":"2023-04-27T08:30:18","date_gmt":"2023-04-27T07:30:18","guid":{"rendered":"http:\/\/www.unimath.fr\/?page_id=5171"},"modified":"2023-04-27T08:31:39","modified_gmt":"2023-04-27T07:31:39","slug":"maths-expertes","status":"publish","type":"page","link":"http:\/\/www.unimath.fr\/?page_id=5171","title":{"rendered":"Maths Expertes"},"content":{"rendered":"<p><strong><span style=\"color: #d62647;\">Nombres complexes (Maths expertes)<\/span><\/strong><\/p>\n<ol>\n<li>Forme alg\u00e9brique d&rsquo;un nombre complexe, d\u00e9termination de la partie r\u00e9elle et partie imaginaire : <a title=\"Forme alg\u00e9brique d\u2019un nombre complexe\" href=\"http:\/\/www.unimath.fr\/?p=1143\" target=\"_blank\" rel=\"noopener noreferrer\">Exercice<\/a><\/li>\n<li>D\u00e9termination d&rsquo;un ensemble de points \u00e0 partir de la forme alg\u00e9brique : <a title=\"Exercice : D\u00e9terminer un ensemble de points (Complexes \u2013 forme alg\u00e9brique)\" href=\"http:\/\/www.unimath.fr\/?p=1116\" target=\"_blank\" rel=\"noopener noreferrer\">Exercice<\/a><\/li>\n<li>Affixe d&rsquo;un point ou d&rsquo;un vecteur :\u00a0<a href=\"http:\/\/www.s431178539.onlinehome.fr\/wordpressnath\/wp-content\/uploads\/2014\/08\/Revision-Complexes-Affixe.pdf\">Fiche d&rsquo;exercices<\/a>\u00a0\u00a0avec solutions<\/li>\n<li>Module d&rsquo;un nombre complexe :<a title=\"Module d\u2019un nombre complexe \u2013 Ex1\" href=\"http:\/\/www.unimath.fr\/?p=1147\" target=\"_blank\" rel=\"noopener noreferrer\">Exercice 1<\/a>,\u00a0<a href=\"http:\/\/www.s431178539.onlinehome.fr\/wordpressnath\/wp-content\/uploads\/2014\/06\/Revision-Complexes-Module.pdf\">Fiche d&rsquo;exercices<\/a>\u00a0\u00a0avec solutions<\/li>\n<li>Recherche d&rsquo;ensemble de points (avec module) : <a href=\"http:\/\/www.s431178539.onlinehome.fr\/wordpressnath\/wp-content\/uploads\/2016\/03\/Complexes-unimath-ensemble-points.pdf\">Fiche d&rsquo;exercice<\/a> avec solutions<\/li>\n<li>Angles orient\u00e9s de vecteurs, ensembles de points : <a title=\"Angles de vecteurs \u2013 Ensemble de points\" href=\"http:\/\/www.unimath.fr\/?p=1344\" target=\"_blank\" rel=\"noopener noreferrer\">Exercice 1<\/a><\/li>\n<li>Argument principal d&rsquo;un nombre complexe &#8211; cas simples : <a title=\"Argument principal d\u2019un nombre complexe\" href=\"http:\/\/www.unimath.fr\/?p=1165\" target=\"_blank\" rel=\"noopener noreferrer\">Exercice 1<\/a><br \/>\nPropri\u00e9t\u00e9s des arguments :\u00a0<a title=\"Propri\u00e9t\u00e9s des arguments d\u2019un nombre complexe\" href=\"http:\/\/www.unimath.fr\/?p=1141\" target=\"_blank\" rel=\"noopener noreferrer\">Exercice 2<\/a><\/li>\n<li>Arguments d&rsquo;un nombre complexe, interpr\u00e9tation g\u00e9om\u00e9trique :\u00a0<a href=\"http:\/\/www.s431178539.onlinehome.fr\/wordpressnath\/wp-content\/uploads\/2020\/03\/Complexe-Unimath-Arguments-sujet.pdf\">sujet<\/a>\u00a0; <a href=\"http:\/\/www.s431178539.onlinehome.fr\/wordpressnath\/wp-content\/uploads\/2020\/03\/Complexe-Unimath-Arguments-correction.pdf\">correction<\/a><\/li>\n<li>Forme exponentielle d&rsquo;un nombre complexe :\u00a0<a title=\"Module d\u2019un nombre complexe \u2013 Exercice 2\" href=\"http:\/\/www.unimath.fr\/?p=1151\" target=\"_blank\" rel=\"noopener noreferrer\">Module<\/a>,<\/li>\n<li>R\u00e9visions : <a title=\"R\u00e9vision Complexes : Vrai \u2013 Faux\" href=\"http:\/\/www.unimath.fr\/?p=1169\" target=\"_blank\" rel=\"noopener noreferrer\">Exercice 1<\/a><\/li>\n<\/ol>\n","protected":false},"excerpt":{"rendered":"<p>Nombres complexes (Maths expertes) Forme alg\u00e9brique d&rsquo;un nombre complexe, d\u00e9termination de la partie r\u00e9elle et partie imaginaire : Exercice D\u00e9termination d&rsquo;un ensemble de points \u00e0 partir de la forme alg\u00e9brique : Exercice Affixe d&rsquo;un point ou d&rsquo;un vecteur :\u00a0Fiche d&rsquo;exercices\u00a0\u00a0avec solutions Module d&rsquo;un nombre complexe :Exercice 1,\u00a0Fiche d&rsquo;exercices\u00a0\u00a0avec solutions Recherche d&rsquo;ensemble de points (avec module) [&hellip;]<\/p>\n","protected":false},"author":1,"featured_media":0,"parent":0,"menu_order":0,"comment_status":"closed","ping_status":"closed","template":"","meta":[],"_links":{"self":[{"href":"http:\/\/www.unimath.fr\/index.php?rest_route=\/wp\/v2\/pages\/5171"}],"collection":[{"href":"http:\/\/www.unimath.fr\/index.php?rest_route=\/wp\/v2\/pages"}],"about":[{"href":"http:\/\/www.unimath.fr\/index.php?rest_route=\/wp\/v2\/types\/page"}],"author":[{"embeddable":true,"href":"http:\/\/www.unimath.fr\/index.php?rest_route=\/wp\/v2\/users\/1"}],"replies":[{"embeddable":true,"href":"http:\/\/www.unimath.fr\/index.php?rest_route=%2Fwp%2Fv2%2Fcomments&post=5171"}],"version-history":[{"count":2,"href":"http:\/\/www.unimath.fr\/index.php?rest_route=\/wp\/v2\/pages\/5171\/revisions"}],"predecessor-version":[{"id":5174,"href":"http:\/\/www.unimath.fr\/index.php?rest_route=\/wp\/v2\/pages\/5171\/revisions\/5174"}],"wp:attachment":[{"href":"http:\/\/www.unimath.fr\/index.php?rest_route=%2Fwp%2Fv2%2Fmedia&parent=5171"}],"curies":[{"name":"wp","href":"https:\/\/api.w.org\/{rel}","templated":true}]}}