{"id":6,"date":"2014-06-26T15:50:34","date_gmt":"2014-06-26T14:50:34","guid":{"rendered":"http:\/\/www.s431178539.onlinehome.fr\/wordpressnath\/?page_id=6"},"modified":"2023-04-27T10:10:35","modified_gmt":"2023-04-27T09:10:35","slug":"entrainement-2nde","status":"publish","type":"page","link":"http:\/\/www.unimath.fr\/?page_id=6","title":{"rendered":"Entrainement  2nde"},"content":{"rendered":"<p style=\"text-align: center;\"><span style=\"color: #ffcc99;\"><strong>\u00a0<\/strong><\/span><\/p>\n<p style=\"text-align: left;\"><strong style=\"font-size: 1rem;\">Je vous invite \u00e0 d\u00e9couvrir l&rsquo;application<\/strong> <a style=\"font-size: 1rem;\" href=\"http:\/\/www.unimath.fr\/?page_id=2635\" target=\"_blank\" rel=\"noopener noreferrer\"><span style=\"color: #d62647;\">revismath.fr<\/span><\/a><span style=\"font-size: 1rem;\">,\u00a0 qui vous permettra d&rsquo;acqu\u00e9rir un bon niveau en calcul num\u00e9rique et alg\u00e9brique.<\/span><\/p>\n<p><strong><span style=\"color: #d62647;\">Fractions\u00a0<\/span><\/strong><\/p>\n<ol>\n<li><a href=\"http:\/\/www.s431178539.onlinehome.fr\/wordpressnath\/wp-content\/uploads\/2016\/06\/Bien-demarrer-seconde-fraction.pdf\">M\u00e9thodes et exemples<\/a><\/li>\n<li>Fractions sur <em>revismath.fr<\/em>\u00a0(exemples de questions travaill\u00e9es sur le site) :<br \/>\n<a href=\"http:\/\/www.s431178539.onlinehome.fr\/wordpressnath\/wp-content\/uploads\/2019\/09\/Fractions-unimath-revismath-Methodes-Sujet.pdf\">sujet<\/a>\u00a0; <a href=\"http:\/\/www.s431178539.onlinehome.fr\/wordpressnath\/wp-content\/uploads\/2019\/09\/Fractions-Unimath-Revismath-Methode.pdf\">correction<\/a><\/li>\n<li>Simplification d&rsquo;\u00e9critures fractionnaires (QCM) ** \u00a0: <a href=\"http:\/\/www.s431178539.onlinehome.fr\/wordpressnath\/wp-content\/uploads\/2019\/09\/QCM-unimath-Simplification-ecritures-fractionnaires-sujet.pdf\">sujet<\/a>\u00a0; <a href=\"http:\/\/www.s431178539.onlinehome.fr\/wordpressnath\/wp-content\/uploads\/2019\/09\/QCM-unimath-Simplification-ecritures-fractionnaires-Correction.pdf\">correction<\/a><\/li>\n<\/ol>\n<p><strong><span style=\"color: #d62647;\">Puissances\u00a0<\/span><\/strong><\/p>\n<ol>\n<li><a href=\"http:\/\/www.s431178539.onlinehome.fr\/wordpressnath\/wp-content\/uploads\/2016\/06\/Bien-demarrer-seconde-puissances.pdf\">M\u00e9thodes et exemples<\/a><\/li>\n<li>Test :\u00a0<a href=\"http:\/\/www.s431178539.onlinehome.fr\/wordpressnath\/wp-content\/uploads\/2015\/12\/Test-puissances-unimath-sujet.pdf\" rel=\"\">sujet<\/a>\u00a0,\u00a0<a href=\"http:\/\/www.s431178539.onlinehome.fr\/wordpressnath\/wp-content\/uploads\/2015\/12\/Test-puissances-unimath-correction2.pdf\" rel=\"\">correction<\/a><\/li>\n<li>Puissances sur <em>revismath.fr<\/em> : (exemples de questions travaill\u00e9es sur le site) :<br \/>\n<a href=\"http:\/\/www.s431178539.onlinehome.fr\/wordpressnath\/wp-content\/uploads\/2019\/09\/Puisances-unimath-revismath-sujet.pdf\">sujet<\/a>\u00a0; <a href=\"http:\/\/www.s431178539.onlinehome.fr\/wordpressnath\/wp-content\/uploads\/2019\/08\/Puissances-unimath-revismath-methodes.pdf\">correction<\/a><\/li>\n<\/ol>\n<p style=\"text-align: left;\"><strong><span style=\"color: #d62647;\">D\u00e9veloppements\u00a0<\/span><\/strong><\/p>\n<ol>\n<li style=\"text-align: left;\">Distributivit\u00e9 : <a href=\"http:\/\/www.s431178539.onlinehome.fr\/wordpressnath\/wp-content\/uploads\/2020\/07\/Developpement-Distributivite-methode-unimath.pdf\">m\u00e9thodes<\/a>\u00a0; <a href=\"http:\/\/www.s431178539.onlinehome.fr\/wordpressnath\/wp-content\/uploads\/2019\/08\/Developpement-unimath-sujet.pdf\">exercices<\/a>\u00a0, <a href=\"http:\/\/www.s431178539.onlinehome.fr\/wordpressnath\/wp-content\/uploads\/2019\/08\/Developpement-unimath-correction.pdf\">correction<\/a><\/li>\n<li>Identit\u00e9s remarquables\u00a0: <a href=\"http:\/\/www.s431178539.onlinehome.fr\/wordpressnath\/wp-content\/uploads\/2021\/11\/unimath-developpement-IR-version-2.pdf\">exercices<\/a>\u00a0; <a href=\"http:\/\/www.s431178539.onlinehome.fr\/wordpressnath\/wp-content\/uploads\/2021\/11\/unimath-developpement-IR-correction-version-2.pdf\">correction<\/a><\/li>\n<li>D\u00e9veloppements sur <em>revismath.fr<\/em> : (exemples\u00a0de questions travaill\u00e9es sur le site) :<br \/>\n<a href=\"http:\/\/www.s431178539.onlinehome.fr\/wordpressnath\/wp-content\/uploads\/2019\/09\/Developpement-unimath-revismath-sujet.pdf\">sujet<\/a>\u00a0; <a href=\"http:\/\/www.s431178539.onlinehome.fr\/wordpressnath\/wp-content\/uploads\/2019\/08\/Developpement-unimath-Revismath-Methodes.pdf\">correction<\/a><\/li>\n<\/ol>\n<p><strong><span style=\"color: #d62647;\">Racines carr\u00e9es\u00a0<\/span><\/strong><\/p>\n<ol>\n<li><a href=\"http:\/\/www.s431178539.onlinehome.fr\/wordpressnath\/wp-content\/uploads\/2019\/08\/Racines-carrees-Methodes-unimath.pdf\">M\u00e9thodes et exemples<\/a><\/li>\n<li>Racines carr\u00e9es sur <em>revismath.fr<\/em> : (exemples\u00a0de questions travaill\u00e9es sur le site) :<br \/>\n<a href=\"http:\/\/www.s431178539.onlinehome.fr\/wordpressnath\/wp-content\/uploads\/2019\/09\/Racines-carrees-unimath-revismath-sujet.pdf\">sujet<\/a>\u00a0; <a href=\"http:\/\/www.s431178539.onlinehome.fr\/wordpressnath\/wp-content\/uploads\/2019\/08\/Racines-carres-unimath-revismath-methodes.pdf\">correction<\/a><\/li>\n<\/ol>\n<p><strong><span style=\"color: #d62647;\">Factorisations\u00a0<\/span><\/strong><\/p>\n<ol>\n<li><a style=\"font-size: 1rem;\" href=\"http:\/\/www.s431178539.onlinehome.fr\/wordpressnath\/wp-content\/uploads\/2016\/06\/Bien-demarrer-seconde-factorisations.pdf\">M\u00e9thodes et exemples<\/a><\/li>\n<li>Factorisation par facteur commun : <a href=\"http:\/\/www.s431178539.onlinehome.fr\/wordpressnath\/wp-content\/uploads\/2019\/08\/Factorisation-unimath-sujet.pdf\">exercices<\/a>\u00a0,\u00a0<a href=\"http:\/\/www.s431178539.onlinehome.fr\/wordpressnath\/wp-content\/uploads\/2015\/12\/Factorisation-unimath-correction.pdf\" rel=\"\">correction<\/a><\/li>\n<\/ol>\n<p><strong><span style=\"color: #d62647;\">Equations\u00a0<\/span><\/strong><\/p>\n<ol>\n<li>Equation du type <img src='http:\/\/s0.wp.com\/latex.php?latex=ax%2Bb%3D0&#038;bg=ffffff&#038;fg=000000&#038;s=0' alt='ax+b=0' title='ax+b=0' class='latex' \/> et \u00e9quation produit nul : <a href=\"http:\/\/www.s431178539.onlinehome.fr\/wordpressnath\/wp-content\/uploads\/2020\/07\/Equations-Methodes1-unimath.pdf\">Methodes 1<\/a><\/li>\n<li>Equation du type <img src='http:\/\/s0.wp.com\/latex.php?latex=x%5E2%3Da&#038;bg=ffffff&#038;fg=000000&#038;s=0' alt='x^2=a' title='x^2=a' class='latex' \/> :\u00a0<a href=\"http:\/\/www.s431178539.onlinehome.fr\/wordpressnath\/wp-content\/uploads\/2020\/07\/Equations-Methodes2-unimath.pdf\">M\u00e9thodes <\/a><\/li>\n<li>Equations produit nul et \u00e9quations avec fractions : <a href=\"http:\/\/www.s431178539.onlinehome.fr\/wordpressnath\/wp-content\/uploads\/2020\/07\/Methodes-Equations-sujet.pdf\">sujet<\/a>\u00a0; <a href=\"http:\/\/www.s431178539.onlinehome.fr\/wordpressnath\/wp-content\/uploads\/2020\/07\/Methodes-Equations-correction.pdf\">correction<\/a><\/li>\n<li><a href=\"http:\/\/www.s431178539.onlinehome.fr\/wordpressnath\/wp-content\/uploads\/2019\/08\/Equations-unimath.pdf\">Exercices<\/a>\u00a0; <a href=\"http:\/\/www.s431178539.onlinehome.fr\/wordpressnath\/wp-content\/uploads\/2019\/08\/Equations-unimath-correction.pdf\">correction<\/a><\/li>\n<li>Choix de la forme la plus adapt\u00e9e : <a title=\"Choix de la forme la plus adapt\u00e9e\" href=\"http:\/\/www.s431178539.onlinehome.fr\/wordpressnath\/?p=635\" target=\"_blank\" rel=\"noopener noreferrer\">Exercice<\/a><\/li>\n<\/ol>\n<p><strong><span style=\"color: #d62647;\">In\u00e9quations<\/span><\/strong><\/p>\n<ol>\n<li><a href=\"http:\/\/www.s431178539.onlinehome.fr\/wordpressnath\/wp-content\/uploads\/2016\/06\/Bien-demarrer-seconde-inequations.pdf\">M\u00e9thodes et exemples<\/a><\/li>\n<li><a href=\"http:\/\/www.s431178539.onlinehome.fr\/wordpressnath\/wp-content\/uploads\/2016\/06\/Bien-demarrer-seconde-inequations-exercices.pdf\">Exercices n\u00b01<\/a>\u00a0\u00a0;\u00a0\u00a0<a href=\"http:\/\/www.s431178539.onlinehome.fr\/wordpressnath\/wp-content\/uploads\/2016\/06\/Bien-demarrer-seconde-inequations-correction.pdf\">Correction n\u00b01<\/a><\/li>\n<\/ol>\n<p><strong><span style=\"color: #d62647;\">R\u00e9visions de Calculs : Sujets de DS<\/span><br \/>\n<\/strong><\/p>\n<ol>\n<li><a href=\"http:\/\/www.s431178539.onlinehome.fr\/wordpressnath\/wp-content\/uploads\/2014\/07\/Calculs-sujets1.pdf\">Sujet\u00a01<\/a>\u00a0; <a href=\"http:\/\/www.s431178539.onlinehome.fr\/wordpressnath\/wp-content\/uploads\/2015\/07\/Correction-Fiche1-150413-V2.pdf\">Correction 1<\/a><\/li>\n<li><a href=\"http:\/\/www.s431178539.onlinehome.fr\/wordpressnath\/wp-content\/uploads\/2014\/09\/Calculs-Fiche2-Sujet-180413.pdf\">Sujet\u00a02<\/a>\u00a0;\u00a0<a href=\"http:\/\/www.s431178539.onlinehome.fr\/wordpressnath\/wp-content\/uploads\/2015\/06\/Calculs-Fiche2-Correction-180413.pdf\">Correction 2<\/a><\/li>\n<\/ol>\n<p><strong><span style=\"color: #d62647;\">Coefficient directeur d&rsquo;une droite et \u00e9quation r\u00e9duite<\/span><\/strong><\/p>\n<ol>\n<li>Tracer des droites connaissant le coefficient directeur \u00a0: <a href=\"https:\/\/www.geogebra.org\/m\/ZL6CQBv9\">Exercice 1<\/a><\/li>\n<li>Lire une \u00e9quation de droite :\u00a0<a href=\"http:\/\/www.unimath.fr\/?p=2093\" target=\"_blank\" rel=\"noopener noreferrer\">Exercice 1<\/a> , <a title=\"Lire une \u00e9quation de droite\" href=\"http:\/\/www.s431178539.onlinehome.fr\/wordpressnath\/?p=611\" target=\"_blank\" rel=\"noopener noreferrer\">Exercice 2<\/a><\/li>\n<\/ol>\n<p><strong><span style=\"color: #d62647;\">Equations et in\u00e9quations &#8211; Second degr\u00e9<\/span><\/strong><\/p>\n<ol>\n<li>M\u00e9thodes pour r\u00e9soudre une \u00e9quation (niveau seconde) :\u00a0<a href=\"http:\/\/www.s431178539.onlinehome.fr\/wordpressnath\/wp-content\/uploads\/2014\/09\/Methodes-Equations-sujet.pdf\">Fiche d&rsquo;exercices 1<\/a>\u00a0,\u00a0<a href=\"http:\/\/www.s431178539.onlinehome.fr\/wordpressnath\/wp-content\/uploads\/2014\/09\/Methodes-Equations-correction.pdf\">Correction<\/a><\/li>\n<li>\u00c9quations et in\u00e9quations \u00a0:\u00a0<a href=\"http:\/\/www.s431178539.onlinehome.fr\/wordpressnath\/wp-content\/uploads\/2014\/11\/RevisionCalculs-1S-TS-2013.pdf\">Fiche d&rsquo;exercices 2<\/a>\u00a0;\u00a0<a href=\"http:\/\/www.s431178539.onlinehome.fr\/wordpressnath\/wp-content\/uploads\/2016\/11\/Equations-inequations-second-degre-correction-unimath.pdf\">correction<\/a><\/li>\n<li>Reconna\u00eetre une parabole \u00e0 partir de la forme canonique :\u00a0<a title=\"Reconnaitre parabole\" href=\"http:\/\/www.s431178539.onlinehome.fr\/wordpressnath\/?p=405\" target=\"_blank\" rel=\"noopener noreferrer\">Exercice 1<\/a>\u00a0,\u00a0<a title=\"Reconna\u00eetre parabole 2\" href=\"http:\/\/www.s431178539.onlinehome.fr\/wordpressnath\/?p=407\" target=\"_blank\" rel=\"noopener noreferrer\">Exercice 2<\/a><\/li>\n<\/ol>\n<p><strong><span style=\"color: #d62647;\">Logique<\/span><\/strong><\/p>\n<ol>\n<li>Implications\u00a0:\u00a0<a title=\"Logique \u2013 Implication\" href=\"http:\/\/www.s431178539.onlinehome.fr\/wordpressnath\/?p=629\" target=\"_blank\" rel=\"noopener noreferrer\">Exercice 1<\/a>\u00a0; <a title=\"Logique \u2013 Implication \u2013 Ex2\" href=\"http:\/\/www.s431178539.onlinehome.fr\/wordpressnath\/?p=632\" target=\"_blank\" rel=\"noopener noreferrer\">Exercice 2<\/a><\/li>\n<\/ol>\n<p><strong><span style=\"color: #d62647;\">Syst\u00e8mes de deux \u00e9quations \u00e0 deux inconnues<\/span><\/strong><\/p>\n<ol>\n<li>Syst\u00e8me de deux \u00e9quations \u00e0 deux inconnues ayant aucune solution ou une infinit\u00e9 de solutions :\u00a0<a title=\"Nombre de solutions \u00e0 un syst\u00e8me de 2 inconnues\" href=\"http:\/\/www.unimath.fr\/?p=966\" target=\"_blank\" rel=\"noopener noreferrer\">Exercice<\/a><\/li>\n<\/ol>\n<p><strong><span style=\"color: #d62647;\">G\u00e9om\u00e9trie dans le plan<\/span><\/strong><\/p>\n<ol>\n<li>Application du th\u00e9or\u00e8me de Thal\u00e8s :\u00a0<a href=\"http:\/\/www.unimath.fr\/?p=2498\" target=\"_blank\" rel=\"noopener noreferrer\">Exercice<\/a><\/li>\n<\/ol>\n","protected":false},"excerpt":{"rendered":"<p>\u00a0 Je vous invite \u00e0 d\u00e9couvrir l&rsquo;application revismath.fr,\u00a0 qui vous permettra d&rsquo;acqu\u00e9rir un bon niveau en calcul num\u00e9rique et alg\u00e9brique. Fractions\u00a0 M\u00e9thodes et exemples Fractions sur revismath.fr\u00a0(exemples de questions travaill\u00e9es sur le site) : sujet\u00a0; correction Simplification d&rsquo;\u00e9critures fractionnaires (QCM) ** \u00a0: sujet\u00a0; correction Puissances\u00a0 M\u00e9thodes et exemples Test :\u00a0sujet\u00a0,\u00a0correction Puissances sur revismath.fr : (exemples [&hellip;]<\/p>\n","protected":false},"author":1,"featured_media":0,"parent":0,"menu_order":0,"comment_status":"closed","ping_status":"open","template":"","meta":[],"_links":{"self":[{"href":"http:\/\/www.unimath.fr\/index.php?rest_route=\/wp\/v2\/pages\/6"}],"collection":[{"href":"http:\/\/www.unimath.fr\/index.php?rest_route=\/wp\/v2\/pages"}],"about":[{"href":"http:\/\/www.unimath.fr\/index.php?rest_route=\/wp\/v2\/types\/page"}],"author":[{"embeddable":true,"href":"http:\/\/www.unimath.fr\/index.php?rest_route=\/wp\/v2\/users\/1"}],"replies":[{"embeddable":true,"href":"http:\/\/www.unimath.fr\/index.php?rest_route=%2Fwp%2Fv2%2Fcomments&post=6"}],"version-history":[{"count":291,"href":"http:\/\/www.unimath.fr\/index.php?rest_route=\/wp\/v2\/pages\/6\/revisions"}],"predecessor-version":[{"id":5194,"href":"http:\/\/www.unimath.fr\/index.php?rest_route=\/wp\/v2\/pages\/6\/revisions\/5194"}],"wp:attachment":[{"href":"http:\/\/www.unimath.fr\/index.php?rest_route=%2Fwp%2Fv2%2Fmedia&parent=6"}],"curies":[{"name":"wp","href":"https:\/\/api.w.org\/{rel}","templated":true}]}}